{"id":453,"date":"2024-06-19T14:18:38","date_gmt":"2024-06-19T18:18:38","guid":{"rendered":"https:\/\/acadianembassy.com\/services\/?page_id=453"},"modified":"2024-11-05T09:34:11","modified_gmt":"2024-11-05T14:34:11","slug":"services-fr","status":"publish","type":"page","link":"https:\/\/acadianembassy.com\/services\/fr\/services-fr\/","title":{"rendered":"Services"},"content":{"rendered":"\t\t<div data-elementor-type=\"wp-page\" data-elementor-id=\"453\" class=\"elementor elementor-453\" data-elementor-post-type=\"page\">\n\t\t\t\t<div class=\"elementor-element elementor-element-82f504a e-flex e-con-boxed e-con e-parent\" data-id=\"82f504a\" data-element_type=\"container\" data-e-type=\"container\">\n\t\t\t\t\t<div class=\"e-con-inner\">\n\t\t\t\t<div class=\"elementor-element elementor-element-12bfac1 elementor-widget elementor-widget-heading\" data-id=\"12bfac1\" data-element_type=\"widget\" data-e-type=\"widget\" data-widget_type=\"heading.default\">\n\t\t\t\t<div class=\"elementor-widget-container\">\n\t\t\t\t\t<h2 class=\"elementor-heading-title elementor-size-default\">Services<\/h2>\t\t\t\t<\/div>\n\t\t\t\t<\/div>\n\t\t\t\t<div class=\"elementor-element elementor-element-097dbae elementor-widget elementor-widget-text-editor\" data-id=\"097dbae\" data-element_type=\"widget\" data-e-type=\"widget\" data-widget_type=\"text-editor.default\">\n\t\t\t\t<div class=\"elementor-widget-container\">\n\t\t\t\t\t\t\t\t\t<p>Acadian Embassy offre une vaste gamme de services bilingues habilement adapt\u00e9s aux besoins individuels de chaque client.<\/p>\t\t\t\t\t\t\t\t<\/div>\n\t\t\t\t<\/div>\n\t\t\t\t\t<\/div>\n\t\t\t\t<\/div>\n\t\t<div class=\"elementor-element elementor-element-6b59b16 e-flex e-con-boxed e-con e-parent\" data-id=\"6b59b16\" data-element_type=\"container\" data-e-type=\"container\" id=\"consultant\" data-settings=\"{&quot;background_background&quot;:&quot;classic&quot;}\">\n\t\t\t\t\t<div class=\"e-con-inner\">\n\t\t\t\t<div class=\"elementor-element elementor-element-1f834b0 elementor-widget elementor-widget-heading\" data-id=\"1f834b0\" data-element_type=\"widget\" data-e-type=\"widget\" data-widget_type=\"heading.default\">\n\t\t\t\t<div class=\"elementor-widget-container\">\n\t\t\t\t\t<h2 class=\"elementor-heading-title elementor-size-default\">consultant<\/h2>\t\t\t\t<\/div>\n\t\t\t\t<\/div>\n\t\t\t\t<div class=\"elementor-element elementor-element-ffb0f8a elementor-widget elementor-widget-text-editor\" data-id=\"ffb0f8a\" data-element_type=\"widget\" data-e-type=\"widget\" data-widget_type=\"text-editor.default\">\n\t\t\t\t<div class=\"elementor-widget-container\">\n\t\t\t\t\t\t\t\t\t<center><em>Plans strat\u00e9giques, ateliers et conf\u00e9rences, services \u00e0 la carte<\/em><br \/><br \/><\/center><p><strong><em>Un pont entre votre vision et votre plan.<\/em><\/strong> Prenons vos grandes id\u00e9es et donnons-leur vie. Que ce soit par le biais de plans strat\u00e9giques pour des organisations et des artistes, d\u2019ateliers et de conf\u00e9rences ou de s\u00e9ances de consultation \u00e0 la carte, nous travaillons avec nos clients pour identifier o\u00f9 ils se trouvent, o\u00f9 ils veulent \u00eatre et comment ils veulent y arriver. En nous appuyant sur une approche r\u00e9aliste, nous nous assurons que ces <em>mappes<\/em> correspondent \u00e0 vos objectifs, \u00e0 vos ambitions et \u00e0 vos capacit\u00e9s.<\/p>\t\t\t\t\t\t\t\t<\/div>\n\t\t\t\t<\/div>\n\t\t\t\t\t<\/div>\n\t\t\t\t<\/div>\n\t\t<div class=\"elementor-element elementor-element-e3ec123 e-flex e-con-boxed e-con e-parent\" data-id=\"e3ec123\" data-element_type=\"container\" data-e-type=\"container\" id=\"communications\">\n\t\t\t\t\t<div class=\"e-con-inner\">\n\t\t\t\t<div class=\"elementor-element elementor-element-70dd048 elementor-widget elementor-widget-heading\" data-id=\"70dd048\" data-element_type=\"widget\" data-e-type=\"widget\" data-widget_type=\"heading.default\">\n\t\t\t\t<div class=\"elementor-widget-container\">\n\t\t\t\t\t<h2 class=\"elementor-heading-title elementor-size-default\">COMMUNICATIONS<\/h2>\t\t\t\t<\/div>\n\t\t\t\t<\/div>\n\t\t\t\t<div class=\"elementor-element elementor-element-2ab9353 elementor-widget elementor-widget-text-editor\" data-id=\"2ab9353\" data-element_type=\"widget\" data-e-type=\"widget\" data-widget_type=\"text-editor.default\">\n\t\t\t\t<div class=\"elementor-widget-container\">\n\t\t\t\t\t\t\t\t\t<center><em>Narratives uniques, contenu captivant, demandes de financement<br \/><br \/><\/em><\/center><p><em><strong>Un pont entre votre plan et votre histoire.<\/strong><\/em> Travaillons ensemble pour cr\u00e9er un r\u00e9cit unique pour votre projet, d\u00e9velopper des outils pour d\u00e9couvrir votre histoire et identifier comment \u2013 et o\u00f9 \u2013 tirer parti de votre perspective unique. Que nous cr\u00e9ions du contenu captivant, que nous vous fournissions des points de discussion cl\u00e9 ou que nous r\u00e9digions des documents ou des rapports strat\u00e9giques, nous pouvons vous aider \u00e0 cr\u00e9er les ressources dont vous aurez besoin pour faire passer votre message.<\/p>\t\t\t\t\t\t\t\t<\/div>\n\t\t\t\t<\/div>\n\t\t\t\t\t<\/div>\n\t\t\t\t<\/div>\n\t\t<div class=\"elementor-element elementor-element-a69c81c e-flex e-con-boxed e-con e-parent\" data-id=\"a69c81c\" data-element_type=\"container\" data-e-type=\"container\" id=\"agentdepresse\" data-settings=\"{&quot;background_background&quot;:&quot;classic&quot;}\">\n\t\t\t\t\t<div class=\"e-con-inner\">\n\t\t\t\t<div class=\"elementor-element elementor-element-4391c03 elementor-widget elementor-widget-heading\" data-id=\"4391c03\" data-element_type=\"widget\" data-e-type=\"widget\" data-widget_type=\"heading.default\">\n\t\t\t\t<div class=\"elementor-widget-container\">\n\t\t\t\t\t<h2 class=\"elementor-heading-title elementor-size-default\">RELATIONS de presse<\/h2>\t\t\t\t<\/div>\n\t\t\t\t<\/div>\n\t\t\t\t<div class=\"elementor-element elementor-element-07cba8b elementor-widget elementor-widget-text-editor\" data-id=\"07cba8b\" data-element_type=\"widget\" data-e-type=\"widget\" data-widget_type=\"text-editor.default\">\n\t\t\t\t<div class=\"elementor-widget-container\">\n\t\t\t\t\t\t\t\t\t<center><em>Campagnes m\u00e9diatiques, partenariats, \u00e9v\u00e9nements en direct<br \/><br \/><\/em><\/center><p><em><strong>Un pont entre votre histoire et le reste du monde.<\/strong><\/em> Passons le message ! Avec une vaste exp\u00e9rience en promotion, nous connaissons l\u2019importance de faire conna\u00eetre votre histoire au grand public. Gr\u00e2ce \u00e0 des campagnes de m\u00e9dias strat\u00e9giques, \u00e0 des d\u00e9veloppements de partenariats et \u00e0 des plans de marketing localis\u00e9s, nous pouvons vous fournir des connexions cruciales pour y parvenir.<\/p>\t\t\t\t\t\t\t\t<\/div>\n\t\t\t\t<\/div>\n\t\t\t\t\t<\/div>\n\t\t\t\t<\/div>\n\t\t<div class=\"elementor-element elementor-element-0b57a9b e-flex e-con-boxed e-con e-parent\" data-id=\"0b57a9b\" data-element_type=\"container\" data-e-type=\"container\">\n\t\t\t\t\t<div class=\"e-con-inner\">\n\t\t\t\t<div class=\"elementor-element elementor-element-7481817 elementor-widget elementor-widget-spacer\" data-id=\"7481817\" data-element_type=\"widget\" data-e-type=\"widget\" data-widget_type=\"spacer.default\">\n\t\t\t\t<div class=\"elementor-widget-container\">\n\t\t\t\t\t\t\t<div class=\"elementor-spacer\">\n\t\t\t<div class=\"elementor-spacer-inner\"><\/div>\n\t\t<\/div>\n\t\t\t\t\t\t<\/div>\n\t\t\t\t<\/div>\n\t\t\t\t\t<\/div>\n\t\t\t\t<\/div>\n\t\t\t\t<\/div>\n\t\t","protected":false},"excerpt":{"rendered":"<p>Services Acadian Embassy offre une vaste gamme de services bilingues habilement adapt\u00e9s aux besoins individuels de chaque client. consultant Plans [&hellip;]<\/p>\n","protected":false},"author":1,"featured_media":0,"parent":0,"menu_order":0,"comment_status":"closed","ping_status":"closed","template":"","meta":{"site-sidebar-layout":"no-sidebar","site-content-layout":"","ast-site-content-layout":"full-width-container","site-content-style":"default","site-sidebar-style":"default","ast-global-header-display":"","ast-banner-title-visibility":"","ast-main-header-display":"","ast-hfb-above-header-display":"","ast-hfb-below-header-display":"","ast-hfb-mobile-header-display":"","site-post-title":"disabled","ast-breadcrumbs-content":"","ast-featured-img":"disabled","footer-sml-layout":"","ast-disable-related-posts":"","theme-transparent-header-meta":"","adv-header-id-meta":"","stick-header-meta":"","header-above-stick-meta":"","header-main-stick-meta":"","header-below-stick-meta":"","astra-migrate-meta-layouts":"default","ast-page-background-enabled":"default","ast-page-background-meta":{"desktop":{"background-color":"var(--ast-global-color-4)","background-image":"","background-repeat":"repeat","background-position":"center center","background-size":"auto","background-attachment":"scroll","background-type":"","background-media":"","overlay-type":"","overlay-color":"","overlay-opacity":"","overlay-gradient":""},"tablet":{"background-color":"","background-image":"","background-repeat":"repeat","background-position":"center center","background-size":"auto","background-attachment":"scroll","background-type":"","background-media":"","overlay-type":"","overlay-color":"","overlay-opacity":"","overlay-gradient":""},"mobile":{"background-color":"","background-image":"","background-repeat":"repeat","background-position":"center center","background-size":"auto","background-attachment":"scroll","background-type":"","background-media":"","overlay-type":"","overlay-color":"","overlay-opacity":"","overlay-gradient":""}},"ast-content-background-meta":{"desktop":{"background-color":"var(--ast-global-color-5)","background-image":"","background-repeat":"repeat","background-position":"center center","background-size":"auto","background-attachment":"scroll","background-type":"","background-media":"","overlay-type":"","overlay-color":"","overlay-opacity":"","overlay-gradient":""},"tablet":{"background-color":"var(--ast-global-color-5)","background-image":"","background-repeat":"repeat","background-position":"center center","background-size":"auto","background-attachment":"scroll","background-type":"","background-media":"","overlay-type":"","overlay-color":"","overlay-opacity":"","overlay-gradient":""},"mobile":{"background-color":"var(--ast-global-color-5)","background-image":"","background-repeat":"repeat","background-position":"center center","background-size":"auto","background-attachment":"scroll","background-type":"","background-media":"","overlay-type":"","overlay-color":"","overlay-opacity":"","overlay-gradient":""}},"footnotes":""},"class_list":["post-453","page","type-page","status-publish","hentry"],"_links":{"self":[{"href":"https:\/\/acadianembassy.com\/services\/wp-json\/wp\/v2\/pages\/453","targetHints":{"allow":["GET"]}}],"collection":[{"href":"https:\/\/acadianembassy.com\/services\/wp-json\/wp\/v2\/pages"}],"about":[{"href":"https:\/\/acadianembassy.com\/services\/wp-json\/wp\/v2\/types\/page"}],"author":[{"embeddable":true,"href":"https:\/\/acadianembassy.com\/services\/wp-json\/wp\/v2\/users\/1"}],"replies":[{"embeddable":true,"href":"https:\/\/acadianembassy.com\/services\/wp-json\/wp\/v2\/comments?post=453"}],"version-history":[{"count":27,"href":"https:\/\/acadianembassy.com\/services\/wp-json\/wp\/v2\/pages\/453\/revisions"}],"predecessor-version":[{"id":624,"href":"https:\/\/acadianembassy.com\/services\/wp-json\/wp\/v2\/pages\/453\/revisions\/624"}],"wp:attachment":[{"href":"https:\/\/acadianembassy.com\/services\/wp-json\/wp\/v2\/media?parent=453"}],"curies":[{"name":"wp","href":"https:\/\/api.w.org\/{rel}","templated":true}]}}