{"id":441,"date":"2024-06-19T14:14:12","date_gmt":"2024-06-19T18:14:12","guid":{"rendered":"https:\/\/acadianembassy.com\/services\/?page_id=441"},"modified":"2024-11-05T08:57:04","modified_gmt":"2024-11-05T13:57:04","slug":"a-propos","status":"publish","type":"page","link":"https:\/\/acadianembassy.com\/services\/fr\/a-propos\/","title":{"rendered":"\u00c0 propos"},"content":{"rendered":"\t\t<div data-elementor-type=\"wp-page\" data-elementor-id=\"441\" class=\"elementor elementor-441\" data-elementor-post-type=\"page\">\n\t\t\t\t<div class=\"elementor-element elementor-element-82f504a e-flex e-con-boxed e-con e-parent\" data-id=\"82f504a\" data-element_type=\"container\" data-e-type=\"container\" data-settings=\"{&quot;background_background&quot;:&quot;classic&quot;}\">\n\t\t\t\t\t<div class=\"e-con-inner\">\n\t\t<div class=\"elementor-element elementor-element-75eea50 e-flex e-con-boxed e-con e-child\" data-id=\"75eea50\" data-element_type=\"container\" data-e-type=\"container\">\n\t\t\t\t\t<div class=\"e-con-inner\">\n\t\t\t\t<div class=\"elementor-element elementor-element-27a4330 elementor-widget elementor-widget-heading\" data-id=\"27a4330\" data-element_type=\"widget\" data-e-type=\"widget\" data-widget_type=\"heading.default\">\n\t\t\t\t<div class=\"elementor-widget-container\">\n\t\t\t\t\t<h2 class=\"elementor-heading-title elementor-size-default\">\u00e0 propos de nous<\/h2>\t\t\t\t<\/div>\n\t\t\t\t<\/div>\n\t\t\t\t<div class=\"elementor-element elementor-element-7685944 elementor-widget elementor-widget-text-editor\" data-id=\"7685944\" data-element_type=\"widget\" data-e-type=\"widget\" data-widget_type=\"text-editor.default\">\n\t\t\t\t<div class=\"elementor-widget-container\">\n\t\t\t\t\t\t\t\t\t<p>Acadian Embassy croit en la cr\u00e9ation de strat\u00e9gies efficaces qui fonctionnent pour vous. Pas d\u2019approche \u00e0 l&#8217;emporte-pi\u00e8ce (<em>\u2018cookie cutter\u2019<\/em>), pas de copier-coller. Votre histoire est unique; votre plan devrait l&#8217;\u00eatre aussi.<br \/><br \/>Depuis pr\u00e8s de 20 ans, on a travaill\u00e9 sur une grande vari\u00e9t\u00e9 de projets dans les secteurs des communications et de la culture. Des relations de presse \u00e0 la gestion de projets, des plans strat\u00e9giques aux ateliers, des services aux artistes \u00e0 la promotion d&#8217;\u00e9v\u00e9nements, et divers points interm\u00e9diaires, notre approche adaptable (et personnalis\u00e9e) est motiv\u00e9 par cette exp\u00e9rience diversifi\u00e9e.<\/p>\t\t\t\t\t\t\t\t<\/div>\n\t\t\t\t<\/div>\n\t\t\t\t\t<\/div>\n\t\t\t\t<\/div>\n\t\t\t\t\t<\/div>\n\t\t\t\t<\/div>\n\t\t<div class=\"elementor-element elementor-element-b7839f0 e-flex e-con-boxed e-con e-parent\" data-id=\"b7839f0\" data-element_type=\"container\" data-e-type=\"container\" data-settings=\"{&quot;background_background&quot;:&quot;classic&quot;}\">\n\t\t\t\t\t<div class=\"e-con-inner\">\n\t\t<div class=\"elementor-element elementor-element-18638bd e-flex e-con-boxed e-con e-child\" data-id=\"18638bd\" data-element_type=\"container\" data-e-type=\"container\">\n\t\t\t\t\t<div class=\"e-con-inner\">\n\t\t\t\t<div class=\"elementor-element elementor-element-6933878 elementor-widget elementor-widget-heading\" data-id=\"6933878\" data-element_type=\"widget\" data-e-type=\"widget\" data-widget_type=\"heading.default\">\n\t\t\t\t<div class=\"elementor-widget-container\">\n\t\t\t\t\t<h2 class=\"elementor-heading-title elementor-size-default\">notre \u00e9quipe<\/h2>\t\t\t\t<\/div>\n\t\t\t\t<\/div>\n\t\t\t\t\t<\/div>\n\t\t\t\t<\/div>\n\t\t\t\t\t<\/div>\n\t\t\t\t<\/div>\n\t\t<div class=\"elementor-element elementor-element-f7c346d e-flex e-con-boxed e-con e-parent\" data-id=\"f7c346d\" data-element_type=\"container\" data-e-type=\"container\" data-settings=\"{&quot;background_background&quot;:&quot;classic&quot;}\">\n\t\t\t\t\t<div class=\"e-con-inner\">\n\t\t<div class=\"elementor-element elementor-element-1706d91 e-con-full e-flex e-con e-child\" data-id=\"1706d91\" data-element_type=\"container\" data-e-type=\"container\">\n\t\t\t\t<div class=\"elementor-element elementor-element-ba71851 elementor-widget elementor-widget-image\" data-id=\"ba71851\" data-element_type=\"widget\" data-e-type=\"widget\" data-widget_type=\"image.default\">\n\t\t\t\t<div class=\"elementor-widget-container\">\n\t\t\t\t\t\t\t\t\t\t\t\t\t\t\t<img fetchpriority=\"high\" decoding=\"async\" width=\"960\" height=\"960\" src=\"https:\/\/acadianembassy.com\/services\/wp-content\/uploads\/2024\/05\/Trev-placeholder2.jpg\" class=\"attachment-large size-large wp-image-167\" alt=\"Trevor Murphy\" srcset=\"https:\/\/acadianembassy.com\/services\/wp-content\/uploads\/2024\/05\/Trev-placeholder2.jpg 960w, https:\/\/acadianembassy.com\/services\/wp-content\/uploads\/2024\/05\/Trev-placeholder2-300x300.jpg 300w, https:\/\/acadianembassy.com\/services\/wp-content\/uploads\/2024\/05\/Trev-placeholder2-150x150.jpg 150w, https:\/\/acadianembassy.com\/services\/wp-content\/uploads\/2024\/05\/Trev-placeholder2-768x768.jpg 768w\" sizes=\"(max-width: 960px) 100vw, 960px\" \/>\t\t\t\t\t\t\t\t\t\t\t\t\t\t\t<\/div>\n\t\t\t\t<\/div>\n\t\t\t\t<\/div>\n\t\t<div class=\"elementor-element elementor-element-d64ff06 e-con-full e-flex e-con e-child\" data-id=\"d64ff06\" data-element_type=\"container\" data-e-type=\"container\">\n\t\t\t\t<div class=\"elementor-element elementor-element-d6a546f elementor-widget elementor-widget-heading\" data-id=\"d6a546f\" data-element_type=\"widget\" data-e-type=\"widget\" data-widget_type=\"heading.default\">\n\t\t\t\t<div class=\"elementor-widget-container\">\n\t\t\t\t\t<h2 class=\"elementor-heading-title elementor-size-default\">Trevor Murphy<\/h2>\t\t\t\t<\/div>\n\t\t\t\t<\/div>\n\t\t\t\t<div class=\"elementor-element elementor-element-5ff4489 elementor-widget elementor-widget-heading\" data-id=\"5ff4489\" data-element_type=\"widget\" data-e-type=\"widget\" data-widget_type=\"heading.default\">\n\t\t\t\t<div class=\"elementor-widget-container\">\n\t\t\t\t\t<h2 class=\"elementor-heading-title elementor-size-default\">Propri\u00e9taire<\/h2>\t\t\t\t<\/div>\n\t\t\t\t<\/div>\n\t\t\t\t<div class=\"elementor-element elementor-element-42d6cf5 elementor-widget elementor-widget-text-editor\" data-id=\"42d6cf5\" data-element_type=\"widget\" data-e-type=\"widget\" data-widget_type=\"text-editor.default\">\n\t\t\t\t<div class=\"elementor-widget-container\">\n\t\t\t\t\t\t\t\t\t<p>L\u2019ambassadeur principal de Acadian Embassy, Trevor Murphy, se pr\u00e9sente \u00e0 la table avec une riche exp\u00e9rience et une grande polyvalence. Apr\u00e8s avoir \u00e9tudi\u00e9 pr\u00e8s d\u2019une d\u00e9cennie \u00e0 l\u2019Universit\u00e9 King\u2019s College et \u00e0 l\u2019Universit\u00e9 Saint Mary\u2019s, Trevor s\u2019est plong\u00e9 dans le secteur des communications en 2009, devenant agent de presse \u00e0 temps plein dans le domaine de la musique, de la culture et de l\u2019\u00e9v\u00e9nementiel. Il a dirig\u00e9 des campagnes nationales pour des artistes tels que Jah\u2019Mila, Matt Mays, Aquakultre, By Divine Right et Gabrielle Papillon, des maisons de disques telles que LHM Records, Forward Music Group et You\u2019ve Changed Records, des \u00e9v\u00e9nements tels que le Congr\u00e8s mondial acadien 2024, les East Coast Music Awards : Festival &amp; Conference et Sappyfest, et des clients tels que This Hour Has 22 Minutes, Choir! Choir! Choir!, Mary Walsh et Side Door.<\/p><p>Force active du secteur culturel de la Nouvelle-\u00c9cosse, Trevor s\u2019est forg\u00e9 une r\u00e9putation de leader visionnaire et de fervent d\u00e9fenseur gr\u00e2ce \u00e0 son travail en tant que pr\u00e9sident actuel de la F\u00e9d\u00e9ration culturelle acadienne de la Nouvelle-\u00c9cosse (F\u00e9CANE), 2e vice-pr\u00e9sident du conseil d\u2019administration de Music Nova Scotia et ancien pr\u00e9sident du Creative Nova Scotia Leadership Council (CNSLC) \u2013 un organisme de d\u00e9fense des arts l\u00e9gif\u00e9r\u00e9 qui rel\u00e8ve directement du ministre des Communaut\u00e9s, de la Culture, du Tourisme et du Patrimoine.<\/p><p>En combinant les aspects cl\u00e9s tir\u00e9s de son exp\u00e9rience professionnelle (\u00e9tablissement de relations, r\u00e9daction convaincante, conf\u00e9rences, d\u00e9veloppement et mise en \u0153uvre de strat\u00e9gies) avec des d\u00e9cennies d&#8217;exp\u00e9rience dans le secteur de la musique en tant qu&#8217;artiste, g\u00e9rant, directeur de label, r\u00e9dacteur de subventions et promoteur, Trevor Murphy a d\u00e9velopp\u00e9 une vaste bo\u00eete \u00e0 outils adaptable \u00e0 n\u2019importe quel projet.<\/p><p>Trevor est \u00e9galement un fier Acadien et un ardent d\u00e9fenseur de l\u2019utilisation de la musique et de l\u2019art comme moyens d\u2019explorer et d\u2019exprimer l\u2019identit\u00e9 acadienne contemporaine de la Nouvelle-\u00c9cosse. En juin 2024, Trevor a re\u00e7u le Prix d\u2019excellence du lieutenant-gouverneur pour l\u2019Acadie et la Francophonie de la Nouvelle-\u00c9cosse \u2013 une reconnaissance du travail qu\u2019il a entrepris pour favoriser le d\u00e9veloppement des artistes acadiens partout dans la province.<\/p>\t\t\t\t\t\t\t\t<\/div>\n\t\t\t\t<\/div>\n\t\t\t\t<div class=\"elementor-element elementor-element-5598f08 elementor-widget elementor-widget-heading\" data-id=\"5598f08\" data-element_type=\"widget\" data-e-type=\"widget\" data-widget_type=\"heading.default\">\n\t\t\t\t<div class=\"elementor-widget-container\">\n\t\t\t\t\t<h2 class=\"elementor-heading-title elementor-size-default\">trevor@acadianembassy.com<\/h2>\t\t\t\t<\/div>\n\t\t\t\t<\/div>\n\t\t\t\t<\/div>\n\t\t\t\t\t<\/div>\n\t\t\t\t<\/div>\n\t\t\t\t<\/div>\n\t\t","protected":false},"excerpt":{"rendered":"<p>\u00e0 propos de nous Acadian Embassy croit en la cr\u00e9ation de strat\u00e9gies efficaces qui fonctionnent pour vous. Pas d\u2019approche \u00e0 [&hellip;]<\/p>\n","protected":false},"author":1,"featured_media":0,"parent":0,"menu_order":0,"comment_status":"closed","ping_status":"closed","template":"","meta":{"site-sidebar-layout":"no-sidebar","site-content-layout":"","ast-site-content-layout":"full-width-container","site-content-style":"default","site-sidebar-style":"default","ast-global-header-display":"","ast-banner-title-visibility":"","ast-main-header-display":"","ast-hfb-above-header-display":"","ast-hfb-below-header-display":"","ast-hfb-mobile-header-display":"","site-post-title":"disabled","ast-breadcrumbs-content":"","ast-featured-img":"disabled","footer-sml-layout":"","ast-disable-related-posts":"","theme-transparent-header-meta":"","adv-header-id-meta":"","stick-header-meta":"","header-above-stick-meta":"","header-main-stick-meta":"","header-below-stick-meta":"","astra-migrate-meta-layouts":"default","ast-page-background-enabled":"default","ast-page-background-meta":{"desktop":{"background-color":"var(--ast-global-color-4)","background-image":"","background-repeat":"repeat","background-position":"center center","background-size":"auto","background-attachment":"scroll","background-type":"","background-media":"","overlay-type":"","overlay-color":"","overlay-opacity":"","overlay-gradient":""},"tablet":{"background-color":"","background-image":"","background-repeat":"repeat","background-position":"center center","background-size":"auto","background-attachment":"scroll","background-type":"","background-media":"","overlay-type":"","overlay-color":"","overlay-opacity":"","overlay-gradient":""},"mobile":{"background-color":"","background-image":"","background-repeat":"repeat","background-position":"center center","background-size":"auto","background-attachment":"scroll","background-type":"","background-media":"","overlay-type":"","overlay-color":"","overlay-opacity":"","overlay-gradient":""}},"ast-content-background-meta":{"desktop":{"background-color":"var(--ast-global-color-5)","background-image":"","background-repeat":"repeat","background-position":"center center","background-size":"auto","background-attachment":"scroll","background-type":"","background-media":"","overlay-type":"","overlay-color":"","overlay-opacity":"","overlay-gradient":""},"tablet":{"background-color":"var(--ast-global-color-5)","background-image":"","background-repeat":"repeat","background-position":"center center","background-size":"auto","background-attachment":"scroll","background-type":"","background-media":"","overlay-type":"","overlay-color":"","overlay-opacity":"","overlay-gradient":""},"mobile":{"background-color":"var(--ast-global-color-5)","background-image":"","background-repeat":"repeat","background-position":"center center","background-size":"auto","background-attachment":"scroll","background-type":"","background-media":"","overlay-type":"","overlay-color":"","overlay-opacity":"","overlay-gradient":""}},"footnotes":""},"class_list":["post-441","page","type-page","status-publish","hentry"],"_links":{"self":[{"href":"https:\/\/acadianembassy.com\/services\/wp-json\/wp\/v2\/pages\/441","targetHints":{"allow":["GET"]}}],"collection":[{"href":"https:\/\/acadianembassy.com\/services\/wp-json\/wp\/v2\/pages"}],"about":[{"href":"https:\/\/acadianembassy.com\/services\/wp-json\/wp\/v2\/types\/page"}],"author":[{"embeddable":true,"href":"https:\/\/acadianembassy.com\/services\/wp-json\/wp\/v2\/users\/1"}],"replies":[{"embeddable":true,"href":"https:\/\/acadianembassy.com\/services\/wp-json\/wp\/v2\/comments?post=441"}],"version-history":[{"count":11,"href":"https:\/\/acadianembassy.com\/services\/wp-json\/wp\/v2\/pages\/441\/revisions"}],"predecessor-version":[{"id":611,"href":"https:\/\/acadianembassy.com\/services\/wp-json\/wp\/v2\/pages\/441\/revisions\/611"}],"wp:attachment":[{"href":"https:\/\/acadianembassy.com\/services\/wp-json\/wp\/v2\/media?parent=441"}],"curies":[{"name":"wp","href":"https:\/\/api.w.org\/{rel}","templated":true}]}}