{"id":250,"date":"2024-05-24T09:12:39","date_gmt":"2024-05-24T13:12:39","guid":{"rendered":"https:\/\/acadianembassy.com\/services\/?page_id=250"},"modified":"2025-05-08T14:58:15","modified_gmt":"2025-05-08T18:58:15","slug":"testimonials","status":"publish","type":"page","link":"https:\/\/acadianembassy.com\/services\/testimonials\/","title":{"rendered":"Testimonials"},"content":{"rendered":"\t\t<div data-elementor-type=\"wp-page\" data-elementor-id=\"250\" class=\"elementor elementor-250\" data-elementor-post-type=\"page\">\n\t\t\t\t<div class=\"elementor-element elementor-element-82f504a e-flex e-con-boxed e-con e-parent\" data-id=\"82f504a\" data-element_type=\"container\" data-e-type=\"container\" data-settings=\"{&quot;background_background&quot;:&quot;classic&quot;}\">\n\t\t\t\t\t<div class=\"e-con-inner\">\n\t\t\t\t<div class=\"elementor-element elementor-element-12bfac1 elementor-widget elementor-widget-heading\" data-id=\"12bfac1\" data-element_type=\"widget\" data-e-type=\"widget\" data-widget_type=\"heading.default\">\n\t\t\t\t<div class=\"elementor-widget-container\">\n\t\t\t\t\t<h2 class=\"elementor-heading-title elementor-size-default\">TESTIMONIALS<\/h2>\t\t\t\t<\/div>\n\t\t\t\t<\/div>\n\t\t\t\t\t<\/div>\n\t\t\t\t<\/div>\n\t\t<div class=\"elementor-element elementor-element-eaab652 e-flex e-con-boxed e-con e-parent\" data-id=\"eaab652\" data-element_type=\"container\" data-e-type=\"container\">\n\t\t\t\t\t<div class=\"e-con-inner\">\n\t\t\t\t<div class=\"elementor-element elementor-element-394fdb0 elementor-widget elementor-widget-text-editor\" data-id=\"394fdb0\" data-element_type=\"widget\" data-e-type=\"widget\" data-widget_type=\"text-editor.default\">\n\t\t\t\t<div class=\"elementor-widget-container\">\n\t\t\t\t\t\t\t\t\t<p>&#8220;<span style=\"font-weight: 400;\">Trevor is one of the best Canadian public relations professionals I&#8217;ve worked with. We regularly bring him on board to help with our artist projects and releases, and have had many notable successes with his support over the years. His personal and professional networks, writing and communication skills, and his mind for planning and strategy are what set him apart, and are why we are so grateful to have him as a part of our team!<\/span>&#8220;<\/p>\t\t\t\t\t\t\t\t<\/div>\n\t\t\t\t<\/div>\n\t\t\t\t<div class=\"elementor-element elementor-element-534c642 elementor-widget elementor-widget-heading\" data-id=\"534c642\" data-element_type=\"widget\" data-e-type=\"widget\" data-widget_type=\"heading.default\">\n\t\t\t\t<div class=\"elementor-widget-container\">\n\t\t\t\t\t<h2 class=\"elementor-heading-title elementor-size-default\">Nigel Jenkins<\/h2>\t\t\t\t<\/div>\n\t\t\t\t<\/div>\n\t\t\t\t<div class=\"elementor-element elementor-element-21d7f44 elementor-widget elementor-widget-heading\" data-id=\"21d7f44\" data-element_type=\"widget\" data-e-type=\"widget\" data-widget_type=\"heading.default\">\n\t\t\t\t<div class=\"elementor-widget-container\">\n\t\t\t\t\t<h2 class=\"elementor-heading-title elementor-size-default\">LHM RECORDS<\/h2>\t\t\t\t<\/div>\n\t\t\t\t<\/div>\n\t\t\t\t\t<\/div>\n\t\t\t\t<\/div>\n\t\t<div class=\"elementor-element elementor-element-f52f7c4 e-flex e-con-boxed e-con e-parent\" data-id=\"f52f7c4\" data-element_type=\"container\" data-e-type=\"container\">\n\t\t\t\t\t<div class=\"e-con-inner\">\n\t\t\t\t<div class=\"elementor-element elementor-element-038cf4b elementor-widget-divider--view-line elementor-widget elementor-widget-divider\" data-id=\"038cf4b\" data-element_type=\"widget\" data-e-type=\"widget\" data-widget_type=\"divider.default\">\n\t\t\t\t<div class=\"elementor-widget-container\">\n\t\t\t\t\t\t\t<div class=\"elementor-divider\">\n\t\t\t<span class=\"elementor-divider-separator\">\n\t\t\t\t\t\t<\/span>\n\t\t<\/div>\n\t\t\t\t\t\t<\/div>\n\t\t\t\t<\/div>\n\t\t\t\t\t<\/div>\n\t\t\t\t<\/div>\n\t\t<div class=\"elementor-element elementor-element-eacbb5a e-flex e-con-boxed e-con e-parent\" data-id=\"eacbb5a\" data-element_type=\"container\" data-e-type=\"container\">\n\t\t\t\t\t<div class=\"e-con-inner\">\n\t\t\t\t<div class=\"elementor-element elementor-element-471223e elementor-widget elementor-widget-text-editor\" data-id=\"471223e\" data-element_type=\"widget\" data-e-type=\"widget\" data-widget_type=\"text-editor.default\">\n\t\t\t\t<div class=\"elementor-widget-container\">\n\t\t\t\t\t\t\t\t\t<p>&#8220;J&#8217;ai embauch\u00e9 Acadian Embassy pour faire un plan strat\u00e9gique d&#8217;artiste pour moi et c&#8217;\u00e9tait extr\u00eamement utile. Avant, mon organisation \u00e9tait assez floue, mais avec ce plan j&#8217;ai une direction d\u00e9finie. En tant qu&#8217;artiste ind\u00e9pendant, avoir un outil comme \u00e7a me donne un ancre qui me permet de mieux focusser sur les choses qui sont importantes pour ma carri\u00e8re \u00e0 court terme et \u00e0 long terme. Dans nos s\u00e9ances, Trevor et Nicole \u00e9taient patients, \u00e0 l&#8217;\u00e9coute, et remplis de solutions utiles bas\u00e9es sur mes buts et besoins. Ils ont vraiment fait l&#8217;effort de customiser un plan qui marche sp\u00e9cifiquement pour moi, et pas du tout une solution &#8216;one size fits all.&#8217; Leur expertise et exp\u00e9rience dans l&#8217;industrie est \u00e9vidente, et ils l&#8217;ont utilis\u00e9e pour sugg\u00e9rer un plan faisable et unique. Au lieu de me sentir impos\u00e9 dessus, j&#8217;ai senti que c&#8217;\u00e9tait une collaboration entre eux puis moi, et j&#8217;avais h\u00e2te pour nos s\u00e9ances, m\u00eame si c&#8217;\u00e9tait aussi challenging. Il y avait une ambiance de bienveillance, de l\u00e9g\u00e8ret\u00e9, et une sensation qu&#8217;ils voulaient sinc\u00e8rement que je m&#8217;\u00e9panouisse dans ma carri\u00e8re d&#8217;artiste. C&#8217;\u00e9tait informel mais professionnel, et je me sentais \u00e0 l&#8217;aise et qu&#8217;ils prenaient au s\u00e9rieux mes besoins. Le document qu&#8217;ils ont produit bas\u00e9 sur nos s\u00e9ances est clair et vraiment un roadmap pour l&#8217;ann\u00e9e qui s&#8217;en vient pour moi. Je recommanderai sans r\u00e9servation ce service impeccable de coaching par ces gens exp\u00e9riment\u00e9s et sympathiques.&#8221;<\/p>\t\t\t\t\t\t\t\t<\/div>\n\t\t\t\t<\/div>\n\t\t\t\t<div class=\"elementor-element elementor-element-8071d33 elementor-widget elementor-widget-heading\" data-id=\"8071d33\" data-element_type=\"widget\" data-e-type=\"widget\" data-widget_type=\"heading.default\">\n\t\t\t\t<div class=\"elementor-widget-container\">\n\t\t\t\t\t<h2 class=\"elementor-heading-title elementor-size-default\">Adrian House<\/h2>\t\t\t\t<\/div>\n\t\t\t\t<\/div>\n\t\t\t\t<div class=\"elementor-element elementor-element-caba6f7 elementor-widget elementor-widget-heading\" data-id=\"caba6f7\" data-element_type=\"widget\" data-e-type=\"widget\" data-widget_type=\"heading.default\">\n\t\t\t\t<div class=\"elementor-widget-container\">\n\t\t\t\t\t<h2 class=\"elementor-heading-title elementor-size-default\">ARTISTE<\/h2>\t\t\t\t<\/div>\n\t\t\t\t<\/div>\n\t\t\t\t\t<\/div>\n\t\t\t\t<\/div>\n\t\t<div class=\"elementor-element elementor-element-9210724 e-flex e-con-boxed e-con e-parent\" data-id=\"9210724\" data-element_type=\"container\" data-e-type=\"container\">\n\t\t\t\t\t<div class=\"e-con-inner\">\n\t\t\t\t<div class=\"elementor-element elementor-element-20b01d2 elementor-widget-divider--view-line elementor-widget elementor-widget-divider\" data-id=\"20b01d2\" data-element_type=\"widget\" data-e-type=\"widget\" data-widget_type=\"divider.default\">\n\t\t\t\t<div class=\"elementor-widget-container\">\n\t\t\t\t\t\t\t<div class=\"elementor-divider\">\n\t\t\t<span class=\"elementor-divider-separator\">\n\t\t\t\t\t\t<\/span>\n\t\t<\/div>\n\t\t\t\t\t\t<\/div>\n\t\t\t\t<\/div>\n\t\t\t\t\t<\/div>\n\t\t\t\t<\/div>\n\t\t<div class=\"elementor-element elementor-element-2606f3c e-flex e-con-boxed e-con e-parent\" data-id=\"2606f3c\" data-element_type=\"container\" data-e-type=\"container\">\n\t\t\t\t\t<div class=\"e-con-inner\">\n\t\t\t\t<div class=\"elementor-element elementor-element-c878e44 elementor-widget elementor-widget-text-editor\" data-id=\"c878e44\" data-element_type=\"widget\" data-e-type=\"widget\" data-widget_type=\"text-editor.default\">\n\t\t\t\t<div class=\"elementor-widget-container\">\n\t\t\t\t\t\t\t\t\t<p>&#8220;<span style=\"font-weight: 400;\">HEIST has worked with Trevor on a number of projects, including our show Frequencies. Trevor connects to his work and his clients in genuine ways and that leads to great outreach. He has a knack for figuring out what story to tell and he knows how to present it in polished and detailed ways. Trevor has been a large reason why our work has been seen and talked about by many; he is part of our success!&#8221;<\/span><\/p>\t\t\t\t\t\t\t\t<\/div>\n\t\t\t\t<\/div>\n\t\t\t\t<div class=\"elementor-element elementor-element-e58a96d elementor-widget elementor-widget-heading\" data-id=\"e58a96d\" data-element_type=\"widget\" data-e-type=\"widget\" data-widget_type=\"heading.default\">\n\t\t\t\t<div class=\"elementor-widget-container\">\n\t\t\t\t\t<h2 class=\"elementor-heading-title elementor-size-default\">Richie Wilcox<\/h2>\t\t\t\t<\/div>\n\t\t\t\t<\/div>\n\t\t\t\t<div class=\"elementor-element elementor-element-9ce119a elementor-widget elementor-widget-heading\" data-id=\"9ce119a\" data-element_type=\"widget\" data-e-type=\"widget\" data-widget_type=\"heading.default\">\n\t\t\t\t<div class=\"elementor-widget-container\">\n\t\t\t\t\t<h2 class=\"elementor-heading-title elementor-size-default\">HEIST<\/h2>\t\t\t\t<\/div>\n\t\t\t\t<\/div>\n\t\t\t\t\t<\/div>\n\t\t\t\t<\/div>\n\t\t<div class=\"elementor-element elementor-element-3ceedf8 e-flex e-con-boxed e-con e-parent\" data-id=\"3ceedf8\" data-element_type=\"container\" data-e-type=\"container\">\n\t\t\t\t\t<div class=\"e-con-inner\">\n\t\t\t\t<div class=\"elementor-element elementor-element-d54e01a elementor-widget-divider--view-line elementor-widget elementor-widget-divider\" data-id=\"d54e01a\" data-element_type=\"widget\" data-e-type=\"widget\" data-widget_type=\"divider.default\">\n\t\t\t\t<div class=\"elementor-widget-container\">\n\t\t\t\t\t\t\t<div class=\"elementor-divider\">\n\t\t\t<span class=\"elementor-divider-separator\">\n\t\t\t\t\t\t<\/span>\n\t\t<\/div>\n\t\t\t\t\t\t<\/div>\n\t\t\t\t<\/div>\n\t\t\t\t\t<\/div>\n\t\t\t\t<\/div>\n\t\t<div class=\"elementor-element elementor-element-2048c32 e-flex e-con-boxed e-con e-parent\" data-id=\"2048c32\" data-element_type=\"container\" data-e-type=\"container\">\n\t\t\t\t\t<div class=\"e-con-inner\">\n\t\t\t\t<div class=\"elementor-element elementor-element-70c82e6 elementor-widget elementor-widget-text-editor\" data-id=\"70c82e6\" data-element_type=\"widget\" data-e-type=\"widget\" data-widget_type=\"text-editor.default\">\n\t\t\t\t<div class=\"elementor-widget-container\">\n\t\t\t\t\t\t\t\t\t<p>&#8220;Trevor a pr\u00e9sent\u00e9 un programme de formation du tonnerre pour nos artistes \u00e9mergent\u00b7es en vitrine pendant la Semaine MNB Week. Les artistes ont acquis des trucs pratiques pour leur d\u00e9veloppement de carri\u00e8re. Trevor sait comment approcher le c\u00f4t\u00e9 affaire de la musique, tout en demeurant bien ancr\u00e9 dans l&#8217;art et la cr\u00e9ativit\u00e9. C&#8217;est toujours un plaisir de travailler avec lui.<span style=\"font-weight: 400;\">&#8220;<\/span><\/p>\t\t\t\t\t\t\t\t<\/div>\n\t\t\t\t<\/div>\n\t\t\t\t<div class=\"elementor-element elementor-element-7f10d05 elementor-widget elementor-widget-heading\" data-id=\"7f10d05\" data-element_type=\"widget\" data-e-type=\"widget\" data-widget_type=\"heading.default\">\n\t\t\t\t<div class=\"elementor-widget-container\">\n\t\t\t\t\t<h2 class=\"elementor-heading-title elementor-size-default\">Dawn Despr\u00e9s-Smyth<\/h2>\t\t\t\t<\/div>\n\t\t\t\t<\/div>\n\t\t\t\t<div class=\"elementor-element elementor-element-c1e3639 elementor-widget elementor-widget-heading\" data-id=\"c1e3639\" data-element_type=\"widget\" data-e-type=\"widget\" data-widget_type=\"heading.default\">\n\t\t\t\t<div class=\"elementor-widget-container\">\n\t\t\t\t\t<h2 class=\"elementor-heading-title elementor-size-default\">MUSIC\u00b7MUSIQUE NB<\/h2>\t\t\t\t<\/div>\n\t\t\t\t<\/div>\n\t\t\t\t\t<\/div>\n\t\t\t\t<\/div>\n\t\t<div class=\"elementor-element elementor-element-4f99e9e e-flex e-con-boxed e-con e-parent\" data-id=\"4f99e9e\" data-element_type=\"container\" data-e-type=\"container\">\n\t\t\t\t\t<div class=\"e-con-inner\">\n\t\t\t\t<div class=\"elementor-element elementor-element-3cf2224 elementor-widget-divider--view-line elementor-widget elementor-widget-divider\" data-id=\"3cf2224\" data-element_type=\"widget\" data-e-type=\"widget\" data-widget_type=\"divider.default\">\n\t\t\t\t<div class=\"elementor-widget-container\">\n\t\t\t\t\t\t\t<div class=\"elementor-divider\">\n\t\t\t<span class=\"elementor-divider-separator\">\n\t\t\t\t\t\t<\/span>\n\t\t<\/div>\n\t\t\t\t\t\t<\/div>\n\t\t\t\t<\/div>\n\t\t\t\t\t<\/div>\n\t\t\t\t<\/div>\n\t\t<div class=\"elementor-element elementor-element-71346af e-flex e-con-boxed e-con e-parent\" data-id=\"71346af\" data-element_type=\"container\" data-e-type=\"container\">\n\t\t\t\t\t<div class=\"e-con-inner\">\n\t\t\t\t<div class=\"elementor-element elementor-element-d2afc32 elementor-widget elementor-widget-text-editor\" data-id=\"d2afc32\" data-element_type=\"widget\" data-e-type=\"widget\" data-widget_type=\"text-editor.default\">\n\t\t\t\t<div class=\"elementor-widget-container\">\n\t\t\t\t\t\t\t\t\t<p>&#8220;Trevor is a very resourceful colleague to call for a variety of industry related activities. Our team has worked with him on a number of writing projects for our website, bios, news and articles. He&#8217;s an excellent writer and really listens to our needs and delivers the content so it sounds authentically like us. I look forward to working on future projects with Trevor.<span style=\"font-weight: 400;\">&#8220;<\/span><\/p>\t\t\t\t\t\t\t\t<\/div>\n\t\t\t\t<\/div>\n\t\t\t\t<div class=\"elementor-element elementor-element-f2dd4ea elementor-widget elementor-widget-heading\" data-id=\"f2dd4ea\" data-element_type=\"widget\" data-e-type=\"widget\" data-widget_type=\"heading.default\">\n\t\t\t\t<div class=\"elementor-widget-container\">\n\t\t\t\t\t<h2 class=\"elementor-heading-title elementor-size-default\">Stephanie Purcell<\/h2>\t\t\t\t<\/div>\n\t\t\t\t<\/div>\n\t\t\t\t<div class=\"elementor-element elementor-element-afb4c11 elementor-widget elementor-widget-heading\" data-id=\"afb4c11\" data-element_type=\"widget\" data-e-type=\"widget\" data-widget_type=\"heading.default\">\n\t\t\t\t<div class=\"elementor-widget-container\">\n\t\t\t\t\t<h2 class=\"elementor-heading-title elementor-size-default\">VOX MANAGEMENT AGENCY<\/h2>\t\t\t\t<\/div>\n\t\t\t\t<\/div>\n\t\t\t\t\t<\/div>\n\t\t\t\t<\/div>\n\t\t<div class=\"elementor-element elementor-element-4454d0f e-flex e-con-boxed e-con e-parent\" data-id=\"4454d0f\" data-element_type=\"container\" data-e-type=\"container\">\n\t\t\t\t\t<div class=\"e-con-inner\">\n\t\t\t\t<div class=\"elementor-element elementor-element-04fbe7a elementor-widget-divider--view-line elementor-widget elementor-widget-divider\" data-id=\"04fbe7a\" data-element_type=\"widget\" data-e-type=\"widget\" data-widget_type=\"divider.default\">\n\t\t\t\t<div class=\"elementor-widget-container\">\n\t\t\t\t\t\t\t<div class=\"elementor-divider\">\n\t\t\t<span class=\"elementor-divider-separator\">\n\t\t\t\t\t\t<\/span>\n\t\t<\/div>\n\t\t\t\t\t\t<\/div>\n\t\t\t\t<\/div>\n\t\t\t\t\t<\/div>\n\t\t\t\t<\/div>\n\t\t<div class=\"elementor-element elementor-element-cc7f14f e-flex e-con-boxed e-con e-parent\" data-id=\"cc7f14f\" data-element_type=\"container\" data-e-type=\"container\">\n\t\t\t\t\t<div class=\"e-con-inner\">\n\t\t\t\t<div class=\"elementor-element elementor-element-e729ff0 elementor-widget elementor-widget-text-editor\" data-id=\"e729ff0\" data-element_type=\"widget\" data-e-type=\"widget\" data-widget_type=\"text-editor.default\">\n\t\t\t\t<div class=\"elementor-widget-container\">\n\t\t\t\t\t\t\t\t\t<p>&#8220;Pour moi, travailler avec Trevor \u00e0 \u00e9t\u00e9 plus que b\u00e9n\u00e9fique pour ma carri\u00e8re. J&#8217;\u00e9tais overwhelmed par l&#8217;id\u00e9e de lancer mon premier EP par moi m\u00eame. Ensemble, on a jas\u00e9 de mes id\u00e9es et on les a mises sur papier d&#8217;une fa\u00e7on qui \u00e9tait efficace et le fun pour moi. \u00c7a m&#8217;a enlev\u00e9 un \u00e9norme poids sur les \u00e9paules ! Je savais que j&#8217;avais les habilet\u00e9s et l&#8217;ambition n\u00e9cessaire pour mener \u00e0 court mon projet, mais c&#8217;est le coup de pouce de Trevor, ses bonnes questions, son sens de l&#8217;organisation, son leadership ainsi que son ouverture d&#8217;esprit qui m&#8217;ont permis de voir son plein potentiel. J&#8217;en ressort tellement reconnaissante, avec plein de nouvelles connaissances et surtout, avec la confiance en ma propre r\u00e9ussite.&#8221;<\/p>\t\t\t\t\t\t\t\t<\/div>\n\t\t\t\t<\/div>\n\t\t\t\t<div class=\"elementor-element elementor-element-4eebe8c elementor-widget elementor-widget-heading\" data-id=\"4eebe8c\" data-element_type=\"widget\" data-e-type=\"widget\" data-widget_type=\"heading.default\">\n\t\t\t\t<div class=\"elementor-widget-container\">\n\t\t\t\t\t<h2 class=\"elementor-heading-title elementor-size-default\">Maude Sonier<\/h2>\t\t\t\t<\/div>\n\t\t\t\t<\/div>\n\t\t\t\t<div class=\"elementor-element elementor-element-1773c57 elementor-widget elementor-widget-heading\" data-id=\"1773c57\" data-element_type=\"widget\" data-e-type=\"widget\" data-widget_type=\"heading.default\">\n\t\t\t\t<div class=\"elementor-widget-container\">\n\t\t\t\t\t<h2 class=\"elementor-heading-title elementor-size-default\">ARTISTE<\/h2>\t\t\t\t<\/div>\n\t\t\t\t<\/div>\n\t\t\t\t\t<\/div>\n\t\t\t\t<\/div>\n\t\t<div class=\"elementor-element elementor-element-1fec1d4 e-flex e-con-boxed e-con e-parent\" data-id=\"1fec1d4\" data-element_type=\"container\" data-e-type=\"container\">\n\t\t\t\t\t<div class=\"e-con-inner\">\n\t\t\t\t<div class=\"elementor-element elementor-element-d06e6d6 elementor-widget elementor-widget-text-editor\" data-id=\"d06e6d6\" data-element_type=\"widget\" data-e-type=\"widget\" data-widget_type=\"text-editor.default\">\n\t\t\t\t<div class=\"elementor-widget-container\">\n\t\t\t\t\t\t\t\t\t<p>&#8220;Travailler avec Trevor, c&#8217;est comme trouver un long-lost cousin. Y&#8217;est gentil, il care \u00e0 propos de toi comme personne et comme artiste. En plus, il propose toutes les bonnes \u00e9tapes pour d\u00e9velopper ta carri\u00e8re. Sa passion pour les artistes est un exemple pour tous les travailleurs culturels, o\u00f9 les actions matchent les promesses.<span style=\"font-weight: 400;\">&#8220;<\/span><\/p>\t\t\t\t\t\t\t\t<\/div>\n\t\t\t\t<\/div>\n\t\t\t\t<div class=\"elementor-element elementor-element-0afd1d8 elementor-widget elementor-widget-heading\" data-id=\"0afd1d8\" data-element_type=\"widget\" data-e-type=\"widget\" data-widget_type=\"heading.default\">\n\t\t\t\t<div class=\"elementor-widget-container\">\n\t\t\t\t\t<h2 class=\"elementor-heading-title elementor-size-default\">Jon Hach\u00e9 aka JONO<\/h2>\t\t\t\t<\/div>\n\t\t\t\t<\/div>\n\t\t\t\t<div class=\"elementor-element elementor-element-f7f62c5 elementor-widget elementor-widget-heading\" data-id=\"f7f62c5\" data-element_type=\"widget\" data-e-type=\"widget\" data-widget_type=\"heading.default\">\n\t\t\t\t<div class=\"elementor-widget-container\">\n\t\t\t\t\t<h2 class=\"elementor-heading-title elementor-size-default\">ARTISTE<\/h2>\t\t\t\t<\/div>\n\t\t\t\t<\/div>\n\t\t\t\t\t<\/div>\n\t\t\t\t<\/div>\n\t\t\t\t<\/div>\n\t\t","protected":false},"excerpt":{"rendered":"<p>TESTIMONIALS &#8220;Trevor is one of the best Canadian public relations professionals I&#8217;ve worked with. We regularly bring him on board [&hellip;]<\/p>\n","protected":false},"author":1,"featured_media":0,"parent":0,"menu_order":0,"comment_status":"closed","ping_status":"closed","template":"","meta":{"site-sidebar-layout":"no-sidebar","site-content-layout":"","ast-site-content-layout":"full-width-container","site-content-style":"default","site-sidebar-style":"default","ast-global-header-display":"","ast-banner-title-visibility":"","ast-main-header-display":"","ast-hfb-above-header-display":"","ast-hfb-below-header-display":"","ast-hfb-mobile-header-display":"","site-post-title":"disabled","ast-breadcrumbs-content":"","ast-featured-img":"disabled","footer-sml-layout":"","theme-transparent-header-meta":"","adv-header-id-meta":"","stick-header-meta":"","header-above-stick-meta":"","header-main-stick-meta":"","header-below-stick-meta":"","astra-migrate-meta-layouts":"default","ast-page-background-enabled":"default","ast-page-background-meta":{"desktop":{"background-color":"var(--ast-global-color-4)","background-image":"","background-repeat":"repeat","background-position":"center center","background-size":"auto","background-attachment":"scroll","background-type":"","background-media":"","overlay-type":"","overlay-color":"","overlay-opacity":"","overlay-gradient":""},"tablet":{"background-color":"","background-image":"","background-repeat":"repeat","background-position":"center center","background-size":"auto","background-attachment":"scroll","background-type":"","background-media":"","overlay-type":"","overlay-color":"","overlay-opacity":"","overlay-gradient":""},"mobile":{"background-color":"","background-image":"","background-repeat":"repeat","background-position":"center center","background-size":"auto","background-attachment":"scroll","background-type":"","background-media":"","overlay-type":"","overlay-color":"","overlay-opacity":"","overlay-gradient":""}},"ast-content-background-meta":{"desktop":{"background-color":"var(--ast-global-color-5)","background-image":"","background-repeat":"repeat","background-position":"center center","background-size":"auto","background-attachment":"scroll","background-type":"","background-media":"","overlay-type":"","overlay-color":"","overlay-opacity":"","overlay-gradient":""},"tablet":{"background-color":"var(--ast-global-color-5)","background-image":"","background-repeat":"repeat","background-position":"center center","background-size":"auto","background-attachment":"scroll","background-type":"","background-media":"","overlay-type":"","overlay-color":"","overlay-opacity":"","overlay-gradient":""},"mobile":{"background-color":"var(--ast-global-color-5)","background-image":"","background-repeat":"repeat","background-position":"center center","background-size":"auto","background-attachment":"scroll","background-type":"","background-media":"","overlay-type":"","overlay-color":"","overlay-opacity":"","overlay-gradient":""}},"footnotes":""},"class_list":["post-250","page","type-page","status-publish","hentry"],"_links":{"self":[{"href":"https:\/\/acadianembassy.com\/services\/wp-json\/wp\/v2\/pages\/250","targetHints":{"allow":["GET"]}}],"collection":[{"href":"https:\/\/acadianembassy.com\/services\/wp-json\/wp\/v2\/pages"}],"about":[{"href":"https:\/\/acadianembassy.com\/services\/wp-json\/wp\/v2\/types\/page"}],"author":[{"embeddable":true,"href":"https:\/\/acadianembassy.com\/services\/wp-json\/wp\/v2\/users\/1"}],"replies":[{"embeddable":true,"href":"https:\/\/acadianembassy.com\/services\/wp-json\/wp\/v2\/comments?post=250"}],"version-history":[{"count":25,"href":"https:\/\/acadianembassy.com\/services\/wp-json\/wp\/v2\/pages\/250\/revisions"}],"predecessor-version":[{"id":646,"href":"https:\/\/acadianembassy.com\/services\/wp-json\/wp\/v2\/pages\/250\/revisions\/646"}],"wp:attachment":[{"href":"https:\/\/acadianembassy.com\/services\/wp-json\/wp\/v2\/media?parent=250"}],"curies":[{"name":"wp","href":"https:\/\/api.w.org\/{rel}","templated":true}]}}