{"id":361,"date":"2023-11-03T12:54:19","date_gmt":"2023-11-03T16:54:19","guid":{"rendered":"https:\/\/acadianembassy.com\/music\/?post_type=product&#038;p=361"},"modified":"2024-11-04T20:20:28","modified_gmt":"2024-11-05T01:20:28","slug":"sluice-archiviste","status":"publish","type":"product","link":"https:\/\/acadianembassy.com\/music\/product\/sluice-archiviste\/","title":{"rendered":"Archiviste"},"content":{"rendered":"<div class=\"tralbumData tralbum-about\">\n<p>ING\u00c9NIEUR D&#8217;ENREGISTREMENT\/RECORDING ENGINEER:<br \/>\nThomas D\u2019Arcy<\/p>\n<p>ASSISTANT ING\u00c9NIEUR\/ASSISTANT ENGINEER:<br \/>\nJesse Turnbull<\/p>\n<p>STUDIO:<br \/>\nTaurus Recording &#8211; Toronto, ON<\/p>\n<p>R\u00c9ALISATEUR\/PRODUCER:<br \/>\nAA Wallace<\/p>\n<p>MIXE\/MIX:<br \/>\nJay Dufour<\/p>\n<p>GRAVURE\/MASTERING:<br \/>\nKristian Montano &#8211; Montano Mastering<\/p>\n<p>POCHETTE\/ALBUM ART:<br \/>\nJud Haynes\u00a9 2023 Acadian Embassy<\/p>\n<\/div>\n<div class=\"tralbumData tralbum-credits\">\n<p>Ce projet a \u00e9t\u00e9 rendu possible en partie gr\u00e2ce aux gouvernements du Canada et de la Nouvelle-\u00c9cosse, le Conseil des arts du Canada et Music Nova Scotia.<\/p>\n<\/div>\n","protected":false},"excerpt":{"rendered":"<h5>TRACKLIST \/ liste des pistes<\/h5>\n<p>1. Agis comme du monde<br \/>\n2. Le ch&#8217;monne \u00e0 Cyrille (Black Pond Road)<br \/>\n3. Madeleine<br \/>\n4. Paradis sur la c\u00f4te<br \/>\n5. Danse le Car\u00eame<br \/>\n6. Carino<br \/>\n7. Sorci\u00e8re de la Pointe-du-Sault<br \/>\n8. L&#8217;ann\u00e9e des trois huits<br \/>\n9. American Lights<br \/>\n10. Brebis dans la brume<\/p>\n","protected":false},"featured_media":168,"template":"","meta":{"_acf_changed":false,"site-sidebar-layout":"default","site-content-layout":"","ast-site-content-layout":"default","site-content-style":"default","site-sidebar-style":"default","ast-global-header-display":"","ast-banner-title-visibility":"","ast-main-header-display":"","ast-hfb-above-header-display":"","ast-hfb-below-header-display":"","ast-hfb-mobile-header-display":"","site-post-title":"","ast-breadcrumbs-content":"","ast-featured-img":"","footer-sml-layout":"","theme-transparent-header-meta":"default","adv-header-id-meta":"","stick-header-meta":"","header-above-stick-meta":"","header-main-stick-meta":"","header-below-stick-meta":"","astra-migrate-meta-layouts":"set","ast-page-background-enabled":"default","ast-page-background-meta":{"desktop":{"background-color":"var(--ast-global-color-4)","background-image":"","background-repeat":"repeat","background-position":"center center","background-size":"auto","background-attachment":"scroll","background-type":"","background-media":"","overlay-type":"","overlay-color":"","overlay-opacity":"","overlay-gradient":""},"tablet":{"background-color":"","background-image":"","background-repeat":"repeat","background-position":"center center","background-size":"auto","background-attachment":"scroll","background-type":"","background-media":"","overlay-type":"","overlay-color":"","overlay-opacity":"","overlay-gradient":""},"mobile":{"background-color":"","background-image":"","background-repeat":"repeat","background-position":"center center","background-size":"auto","background-attachment":"scroll","background-type":"","background-media":"","overlay-type":"","overlay-color":"","overlay-opacity":"","overlay-gradient":""}},"ast-content-background-meta":{"desktop":{"background-color":"var(--ast-global-color-5)","background-image":"","background-repeat":"repeat","background-position":"center center","background-size":"auto","background-attachment":"scroll","background-type":"","background-media":"","overlay-type":"","overlay-color":"","overlay-opacity":"","overlay-gradient":""},"tablet":{"background-color":"var(--ast-global-color-5)","background-image":"","background-repeat":"repeat","background-position":"center center","background-size":"auto","background-attachment":"scroll","background-type":"","background-media":"","overlay-type":"","overlay-color":"","overlay-opacity":"","overlay-gradient":""},"mobile":{"background-color":"var(--ast-global-color-5)","background-image":"","background-repeat":"repeat","background-position":"center center","background-size":"auto","background-attachment":"scroll","background-type":"","background-media":"","overlay-type":"","overlay-color":"","overlay-opacity":"","overlay-gradient":""}}},"product_brand":[],"product_cat":[19,20,34,23,21],"product_tag":[],"class_list":{"0":"post-361","1":"product","2":"type-product","3":"status-publish","4":"has-post-thumbnail","6":"product_cat-cd-disques","7":"product_cat-digital-numerique","8":"product_cat-music-musique","9":"product_cat-sluice","10":"product_cat-vinyl-vinyle","11":"desktop-align-left","12":"tablet-align-left","13":"mobile-align-left","15":"first","16":"instock","17":"taxable","18":"shipping-taxable","19":"purchasable","20":"product-type-variable"},"acf":[],"_links":{"self":[{"href":"https:\/\/acadianembassy.com\/music\/wp-json\/wp\/v2\/product\/361","targetHints":{"allow":["GET"]}}],"collection":[{"href":"https:\/\/acadianembassy.com\/music\/wp-json\/wp\/v2\/product"}],"about":[{"href":"https:\/\/acadianembassy.com\/music\/wp-json\/wp\/v2\/types\/product"}],"wp:featuredmedia":[{"embeddable":true,"href":"https:\/\/acadianembassy.com\/music\/wp-json\/wp\/v2\/media\/168"}],"wp:attachment":[{"href":"https:\/\/acadianembassy.com\/music\/wp-json\/wp\/v2\/media?parent=361"}],"wp:term":[{"taxonomy":"product_brand","embeddable":true,"href":"https:\/\/acadianembassy.com\/music\/wp-json\/wp\/v2\/product_brand?post=361"},{"taxonomy":"product_cat","embeddable":true,"href":"https:\/\/acadianembassy.com\/music\/wp-json\/wp\/v2\/product_cat?post=361"},{"taxonomy":"product_tag","embeddable":true,"href":"https:\/\/acadianembassy.com\/music\/wp-json\/wp\/v2\/product_tag?post=361"}],"curies":[{"name":"wp","href":"https:\/\/api.w.org\/{rel}","templated":true}]}}