{"id":2266,"date":"2025-11-03T20:10:05","date_gmt":"2025-11-04T01:10:05","guid":{"rendered":"https:\/\/acadianembassy.com\/music\/?post_type=product&#038;p=2266"},"modified":"2025-11-03T20:14:30","modified_gmt":"2025-11-04T01:14:30","slug":"cheval-single","status":"publish","type":"product","link":"https:\/\/acadianembassy.com\/music\/product\/cheval-single\/","title":{"rendered":"Tronne (single)"},"content":{"rendered":"<p>Single &#8211; Download in MP3 &amp; WAV format.<br \/>\nSingle &#8211; T\u00e9l\u00e9chargement au format MP3 &amp; WAV.<\/p>\n<p>Released November 03, 2025<\/p>\n<p>STREAM:<br \/>\n<a href=\"https:\/\/lnk.to\/cheval-tronne\">https:\/\/lnk.to\/cheval-tronne<\/a><\/p>\n<p>LYRICS\/PAROLES:<\/p>\n<p>[\u00c9coute, je vais vous chanter une chanson]<\/p>\n<p>Faisez du tronne si\u2019q vous avez faite bonne<br \/>\nAvant\u2019q le soleil se couche<br \/>\nFaisez du tronne si\u2019q vous avez faite bonne<\/p>\n<p>[J\u2019ai r\u00eav\u00e9 cette nuit que j&#8217;\u00e9tais au paradis<br \/>\nMais c&#8217;\u00e9tait qu\u2019un songe<br \/>\nLa nuit m\u2019a tromp\u00e9<br \/>\nMadeline et Madeline<br \/>\nMadeline et Madeline<br \/>\nMadeline et Madeline<br \/>\nMadeline et Madeline]<\/p>\n<p>Faisez du bruit ci q\u2019y a rien qui vous ennui<br \/>\nThere\u2019s nothing that bothers me<br \/>\nFaisez du bruit ci q\u2019y a rien qui vous ennui<\/p>\n<p>[J\u2019ai r\u00eav\u00e9 cette nuit que j&#8217;\u00e9tais au paradis<br \/>\nMais c&#8217;\u00e9tait qu\u2019un songe<br \/>\nLa nuit m\u2019a tromp\u00e9<br \/>\nMadeline et Madeline<br \/>\nMadeline et Madeline<br \/>\nMadeline et Madeline<br \/>\nMadeline et Madeline]<\/p>\n<p>Faisez du tronne si\u2019q vous avez faite bonne<br \/>\nAvant\u2019q le soleil se couche<br \/>\nFaisez du tronne si\u2019q vous avez faite bonne<\/p>\n<p>&nbsp;<\/p>\n<p>CR\u00c9DITS:<\/p>\n<p>Auteur\/Compositeur: AA Wallace<br \/>\nR\u00e9alisateur\/Ing\u00e9nieur: AA Wallace<br \/>\nStudio: An Undisclosed Location<br \/>\nPhoto: Betty Malyon<br \/>\nArt: Andrew Neville<\/p>\n<p>Samples de voix par D\u00e9sir\u00e9e D\u2019Eon, gracieuset\u00e9 du Mus\u00e9e des Acadiens de Pubnico et centre de recherche. Grou marci \u00e0 eux.<\/p>\n<p>Cheval et Acadian Embassy soulignent \u00e9galement le soutien financi\u00e8re de la F\u00e9CANE \u00e0 travers du programme STELLA.<\/p>\n<p>AE069<\/p>\n","protected":false},"excerpt":{"rendered":"<p>Single &#8211; Download in MP3 &amp; WAV format. Single &#8211; T\u00e9l\u00e9chargement au format MP3 &amp; WAV. Released November 03, 2025 [&hellip;]<\/p>\n","protected":false},"featured_media":2255,"template":"","meta":{"_acf_changed":false,"site-sidebar-layout":"default","site-content-layout":"","ast-site-content-layout":"default","site-content-style":"default","site-sidebar-style":"default","ast-global-header-display":"","ast-banner-title-visibility":"","ast-main-header-display":"","ast-hfb-above-header-display":"","ast-hfb-below-header-display":"","ast-hfb-mobile-header-display":"","site-post-title":"","ast-breadcrumbs-content":"","ast-featured-img":"","footer-sml-layout":"","ast-disable-related-posts":"","theme-transparent-header-meta":"default","adv-header-id-meta":"","stick-header-meta":"","header-above-stick-meta":"","header-main-stick-meta":"","header-below-stick-meta":"","astra-migrate-meta-layouts":"set","ast-page-background-enabled":"default","ast-page-background-meta":{"desktop":{"background-color":"var(--ast-global-color-4)","background-image":"","background-repeat":"repeat","background-position":"center center","background-size":"auto","background-attachment":"scroll","background-type":"","background-media":"","overlay-type":"","overlay-color":"","overlay-opacity":"","overlay-gradient":""},"tablet":{"background-color":"","background-image":"","background-repeat":"repeat","background-position":"center center","background-size":"auto","background-attachment":"scroll","background-type":"","background-media":"","overlay-type":"","overlay-color":"","overlay-opacity":"","overlay-gradient":""},"mobile":{"background-color":"","background-image":"","background-repeat":"repeat","background-position":"center center","background-size":"auto","background-attachment":"scroll","background-type":"","background-media":"","overlay-type":"","overlay-color":"","overlay-opacity":"","overlay-gradient":""}},"ast-content-background-meta":{"desktop":{"background-color":"var(--ast-global-color-5)","background-image":"","background-repeat":"repeat","background-position":"center center","background-size":"auto","background-attachment":"scroll","background-type":"","background-media":"","overlay-type":"","overlay-color":"","overlay-opacity":"","overlay-gradient":""},"tablet":{"background-color":"var(--ast-global-color-5)","background-image":"","background-repeat":"repeat","background-position":"center center","background-size":"auto","background-attachment":"scroll","background-type":"","background-media":"","overlay-type":"","overlay-color":"","overlay-opacity":"","overlay-gradient":""},"mobile":{"background-color":"var(--ast-global-color-5)","background-image":"","background-repeat":"repeat","background-position":"center center","background-size":"auto","background-attachment":"scroll","background-type":"","background-media":"","overlay-type":"","overlay-color":"","overlay-opacity":"","overlay-gradient":""}}},"product_brand":[],"product_cat":[35,20,34,31],"product_tag":[],"class_list":{"0":"post-2266","1":"product","2":"type-product","3":"status-publish","4":"has-post-thumbnail","6":"product_cat-cheval","7":"product_cat-digital-numerique","8":"product_cat-music-musique","9":"product_cat-releases","10":"desktop-align-left","11":"tablet-align-left","12":"mobile-align-left","14":"first","15":"instock","16":"downloadable","17":"virtual","18":"taxable","19":"purchasable","20":"product-type-simple"},"acf":[],"_links":{"self":[{"href":"https:\/\/acadianembassy.com\/music\/wp-json\/wp\/v2\/product\/2266","targetHints":{"allow":["GET"]}}],"collection":[{"href":"https:\/\/acadianembassy.com\/music\/wp-json\/wp\/v2\/product"}],"about":[{"href":"https:\/\/acadianembassy.com\/music\/wp-json\/wp\/v2\/types\/product"}],"wp:featuredmedia":[{"embeddable":true,"href":"https:\/\/acadianembassy.com\/music\/wp-json\/wp\/v2\/media\/2255"}],"wp:attachment":[{"href":"https:\/\/acadianembassy.com\/music\/wp-json\/wp\/v2\/media?parent=2266"}],"wp:term":[{"taxonomy":"product_brand","embeddable":true,"href":"https:\/\/acadianembassy.com\/music\/wp-json\/wp\/v2\/product_brand?post=2266"},{"taxonomy":"product_cat","embeddable":true,"href":"https:\/\/acadianembassy.com\/music\/wp-json\/wp\/v2\/product_cat?post=2266"},{"taxonomy":"product_tag","embeddable":true,"href":"https:\/\/acadianembassy.com\/music\/wp-json\/wp\/v2\/product_tag?post=2266"}],"curies":[{"name":"wp","href":"https:\/\/api.w.org\/{rel}","templated":true}]}}