{"id":1710,"date":"2022-11-01T20:37:40","date_gmt":"2022-11-02T00:37:40","guid":{"rendered":"https:\/\/acadianembassy.com\/music\/?post_type=product&#038;p=1710"},"modified":"2024-11-04T20:21:06","modified_gmt":"2024-11-05T01:21:06","slug":"overlap-par-celeste-godin","status":"publish","type":"product","link":"https:\/\/acadianembassy.com\/music\/product\/overlap-par-celeste-godin\/","title":{"rendered":"Overlap par C\u00e9leste Godin"},"content":{"rendered":"<p>Vous \u00eates convi\u00e9\/es \u00e0 un gros party. Un party o\u00f9 on parle de tout, sur tous les tons et sans complaisance : l\u2019amour, l\u2019amiti\u00e9, le mouvement #MeToo, le rapport \u00e0 l\u2019autre, \u00e0 la langue, au lieu, \u00e0 la culture acadienne, aux peuples autochtones&#8230;<\/p>\n<p>Ici, des situations et des propos parfois anodins, ou cruels, ou cocasses, empi\u00e8tent les uns sur les autres, se chevauchent, s\u2019overlappent. Et au coeur de la f\u00eate, Moncton dans tous ses \u00e9tats.<\/p>\n<p>En fragments brefs et incisifs, Overlap examine la place de l\u2019individu dans une ville o\u00f9 il peut \u00eatre difficile d\u2019\u00e9chapper aux autres \u2013 et \u00e0 soi-m\u00eame.<\/p>\n<p>\u00c0 PROPOS C\u00c9LESTE GODIN:<br \/>\nPo\u00e8te, artiste du slam et dramaturge originaire de la Nouvelle-\u00c9cosse, C\u00e9leste Godin s\u2019est fait<span class=\"bcTruncateMore\">\u00a0conna\u00eetre pour ses chroniques percutantes adress\u00e9es, tr\u00e8s souvent, \u00e0 ses compatriotes de l\u2019Acadie. Depuis plusieurs ann\u00e9es, donc, iel brasse la cage. Iel vit aujourd\u2019hui \u00e0 Moncton.<\/span><\/p>\n<p>EXTRAITS:<br \/>\n\u00ab Tu es un fouillis peupl\u00e9 de gens qui s\u2019arr\u00eateraient pour flatter des chats \u00e0 trois pattes. \u00bb<\/p>\n<p>\u00ab As if que dire \u00ab c\u2019est pas juste about les femmes \u00bb annule le fait que c\u2019est about toutes les femmes que je connais. As if que le patriarcat est une illusion et que les coupables sont pas libres de vivre confortablement parmi nous. \u00bb<\/p>\n<p>\u00ab J\u2019\u00e9tais-tu suppos\u00e9e vous faire un trigger warning ? C\u2019est-tu irresponsable ou insensible de vous puker toute \u00e7a sans avertissement ? Si vous m\u2019\u00e9coutez pas vraiment, then \u00e7a matter-tu at all ? \u00bb<\/p>\n<p>++++++++++<\/p>\n<p>You are invited to a big party. A party where we talk about everything, in all tones and without complacency: love, friendship, the #MeToo movement, the relationship to others, to language, to place, to Acadian culture, to Indigenous peoples&#8230;<\/p>\n<p>Here, situations and remarks that are sometimes innocuous, or cruel, or comical, encroach on each other, overlapping. And at the heart of the party, Moncton in all its states.<\/p>\n<p>In short, incisive fragments, Overlap examines the place of the individual in a city where it can be difficult to escape others \u2013 and oneself.<\/p>\n<p>ABOUT C\u00c9LESTE GODIN:<br \/>\nPoet, slam artist and playwright from Nova Scotia, C\u00e9leste Godin is known for their powerful columns addressed, very often, to their compatriots in l&#8217;Acadie. Rattling the cage for years, they now live in Moncton<\/p>\n","protected":false},"excerpt":{"rendered":"<p>Vous \u00eates convi\u00e9\/es \u00e0 un gros party. Un party o\u00f9 on parle de tout, sur tous les tons et sans [&hellip;]<\/p>\n","protected":false},"featured_media":1711,"template":"","meta":{"_acf_changed":false,"site-sidebar-layout":"default","site-content-layout":"","ast-site-content-layout":"default","site-content-style":"default","site-sidebar-style":"default","ast-global-header-display":"","ast-banner-title-visibility":"","ast-main-header-display":"","ast-hfb-above-header-display":"","ast-hfb-below-header-display":"","ast-hfb-mobile-header-display":"","site-post-title":"","ast-breadcrumbs-content":"","ast-featured-img":"","footer-sml-layout":"","ast-disable-related-posts":"","theme-transparent-header-meta":"default","adv-header-id-meta":"","stick-header-meta":"","header-above-stick-meta":"","header-main-stick-meta":"","header-below-stick-meta":"","astra-migrate-meta-layouts":"set","ast-page-background-enabled":"default","ast-page-background-meta":{"desktop":{"background-color":"var(--ast-global-color-4)","background-image":"","background-repeat":"repeat","background-position":"center center","background-size":"auto","background-attachment":"scroll","background-type":"","background-media":"","overlay-type":"","overlay-color":"","overlay-opacity":"","overlay-gradient":""},"tablet":{"background-color":"","background-image":"","background-repeat":"repeat","background-position":"center center","background-size":"auto","background-attachment":"scroll","background-type":"","background-media":"","overlay-type":"","overlay-color":"","overlay-opacity":"","overlay-gradient":""},"mobile":{"background-color":"","background-image":"","background-repeat":"repeat","background-position":"center center","background-size":"auto","background-attachment":"scroll","background-type":"","background-media":"","overlay-type":"","overlay-color":"","overlay-opacity":"","overlay-gradient":""}},"ast-content-background-meta":{"desktop":{"background-color":"var(--ast-global-color-5)","background-image":"","background-repeat":"repeat","background-position":"center center","background-size":"auto","background-attachment":"scroll","background-type":"","background-media":"","overlay-type":"","overlay-color":"","overlay-opacity":"","overlay-gradient":""},"tablet":{"background-color":"var(--ast-global-color-5)","background-image":"","background-repeat":"repeat","background-position":"center center","background-size":"auto","background-attachment":"scroll","background-type":"","background-media":"","overlay-type":"","overlay-color":"","overlay-opacity":"","overlay-gradient":""},"mobile":{"background-color":"var(--ast-global-color-5)","background-image":"","background-repeat":"repeat","background-position":"center center","background-size":"auto","background-attachment":"scroll","background-type":"","background-media":"","overlay-type":"","overlay-color":"","overlay-opacity":"","overlay-gradient":""}}},"product_brand":[],"product_cat":[102,22],"product_tag":[],"class_list":{"0":"post-1710","1":"product","2":"type-product","3":"status-publish","4":"has-post-thumbnail","6":"product_cat-books-livres","7":"product_cat-merch","8":"product_shipping_class-soft-goods","9":"desktop-align-left","10":"tablet-align-left","11":"mobile-align-left","13":"first","14":"instock","15":"taxable","16":"shipping-taxable","17":"purchasable","18":"product-type-simple"},"acf":[],"_links":{"self":[{"href":"https:\/\/acadianembassy.com\/music\/wp-json\/wp\/v2\/product\/1710","targetHints":{"allow":["GET"]}}],"collection":[{"href":"https:\/\/acadianembassy.com\/music\/wp-json\/wp\/v2\/product"}],"about":[{"href":"https:\/\/acadianembassy.com\/music\/wp-json\/wp\/v2\/types\/product"}],"wp:featuredmedia":[{"embeddable":true,"href":"https:\/\/acadianembassy.com\/music\/wp-json\/wp\/v2\/media\/1711"}],"wp:attachment":[{"href":"https:\/\/acadianembassy.com\/music\/wp-json\/wp\/v2\/media?parent=1710"}],"wp:term":[{"taxonomy":"product_brand","embeddable":true,"href":"https:\/\/acadianembassy.com\/music\/wp-json\/wp\/v2\/product_brand?post=1710"},{"taxonomy":"product_cat","embeddable":true,"href":"https:\/\/acadianembassy.com\/music\/wp-json\/wp\/v2\/product_cat?post=1710"},{"taxonomy":"product_tag","embeddable":true,"href":"https:\/\/acadianembassy.com\/music\/wp-json\/wp\/v2\/product_tag?post=1710"}],"curies":[{"name":"wp","href":"https:\/\/api.w.org\/{rel}","templated":true}]}}