{"id":1673,"date":"2024-01-01T20:11:54","date_gmt":"2024-01-02T01:11:54","guid":{"rendered":"https:\/\/acadianembassy.com\/music\/?post_type=product&#038;p=1673"},"modified":"2024-11-01T20:31:27","modified_gmt":"2024-11-02T00:31:27","slug":"francois-gaudet-x-embassy-collab-tee-chevaux-sauvages","status":"publish","type":"product","link":"https:\/\/acadianembassy.com\/music\/product\/francois-gaudet-x-embassy-collab-tee-chevaux-sauvages\/","title":{"rendered":"Fran\u00e7ois Gaudet x Embassy Collab Tee &#8211; Chevaux Sauvages"},"content":{"rendered":"<p>Multi-colour direct-to-garment print on Gildan Softstyle tees.<br \/>\nUnisex sizing.<\/p>\n<p>Design par Fran\u00e7ois Gaudet (<a href=\"https:\/\/www.instagram.com\/francoisgaudet\" rel=\"nofollow ugc\">www.instagram.com\/francoisgaudet<\/a>)<\/p>\n<p>ARTIST STATEMENT:<br \/>\nAround 1632 the first Acadian families (the Gaudet\u2019s being one of them), came to Acadia.They brought with them the first horses in the region, perhaps some of the first horses in North America. During the deportation of the Acadians in 1755 about 60 of these horses were shipped to Sable Island, about 300 km south east of Halifax, NS. The captain who left the horses died before he could retrieve them, and these horses became the famous wild horses of Sable Island. The<span class=\"bcTruncateMore\">\u00a0wild Acadian horses of Sable Island continue to inspire me.<\/span><\/p>\n<p>D\u00c9CLARATION DE L&#8217;ARTISTE:<br \/>\nVers 1632, les premi\u00e8res familles acadiennes (dont celle des Gaudet) sont venues s\u2019\u00e9tablir en Acadie. Elles ont apport\u00e9 les premiers chevaux qu\u2019ait jamais vus la r\u00e9gion et il est possible qu\u2019il se soit agi l\u00e0 de certains des tout premiers chevaux arriv\u00e9s en Am\u00e9rique du Nord. Lors de la d\u00e9portation des Acadiens en 1755, environ 60 de ces chevaux ont \u00e9t\u00e9 envoy\u00e9s \u00e0 l\u2019\u00cele-de-Sable, \u00e0 300 km environ au sud-est d\u2019Halifax, en Nouvelle-\u00c9cosse. Le capitaine qui avait cach\u00e9 ces chevaux sur l\u2019\u00eele est d\u00e9c\u00e9d\u00e9 avant de pouvoir revenir les chercher et ces animaux sont ainsi devenus les fameux chevaux sauvages de l\u2019\u00cele-de-Sable. Les chevaux sauvages acadiens de l\u2019\u00cele-de-Sable continuent de m\u2019inspirer.<\/p>\n","protected":false},"excerpt":{"rendered":"<p>Multi-colour direct-to-garment print on Gildan Softstyle tees. Unisex sizing. Design par Fran\u00e7ois Gaudet (www.instagram.com\/francoisgaudet) ARTIST STATEMENT: Around 1632 the first [&hellip;]<\/p>\n","protected":false},"featured_media":1675,"template":"","meta":{"_acf_changed":false,"site-sidebar-layout":"default","site-content-layout":"","ast-site-content-layout":"default","site-content-style":"default","site-sidebar-style":"default","ast-global-header-display":"","ast-banner-title-visibility":"","ast-main-header-display":"","ast-hfb-above-header-display":"","ast-hfb-below-header-display":"","ast-hfb-mobile-header-display":"","site-post-title":"","ast-breadcrumbs-content":"","ast-featured-img":"","footer-sml-layout":"","theme-transparent-header-meta":"default","adv-header-id-meta":"","stick-header-meta":"","header-above-stick-meta":"","header-main-stick-meta":"","header-below-stick-meta":"","astra-migrate-meta-layouts":"set","ast-page-background-enabled":"default","ast-page-background-meta":{"desktop":{"background-color":"var(--ast-global-color-4)","background-image":"","background-repeat":"repeat","background-position":"center center","background-size":"auto","background-attachment":"scroll","background-type":"","background-media":"","overlay-type":"","overlay-color":"","overlay-opacity":"","overlay-gradient":""},"tablet":{"background-color":"","background-image":"","background-repeat":"repeat","background-position":"center center","background-size":"auto","background-attachment":"scroll","background-type":"","background-media":"","overlay-type":"","overlay-color":"","overlay-opacity":"","overlay-gradient":""},"mobile":{"background-color":"","background-image":"","background-repeat":"repeat","background-position":"center center","background-size":"auto","background-attachment":"scroll","background-type":"","background-media":"","overlay-type":"","overlay-color":"","overlay-opacity":"","overlay-gradient":""}},"ast-content-background-meta":{"desktop":{"background-color":"var(--ast-global-color-5)","background-image":"","background-repeat":"repeat","background-position":"center center","background-size":"auto","background-attachment":"scroll","background-type":"","background-media":"","overlay-type":"","overlay-color":"","overlay-opacity":"","overlay-gradient":""},"tablet":{"background-color":"var(--ast-global-color-5)","background-image":"","background-repeat":"repeat","background-position":"center center","background-size":"auto","background-attachment":"scroll","background-type":"","background-media":"","overlay-type":"","overlay-color":"","overlay-opacity":"","overlay-gradient":""},"mobile":{"background-color":"var(--ast-global-color-5)","background-image":"","background-repeat":"repeat","background-position":"center center","background-size":"auto","background-attachment":"scroll","background-type":"","background-media":"","overlay-type":"","overlay-color":"","overlay-opacity":"","overlay-gradient":""}}},"product_brand":[],"product_cat":[104,103,22],"product_tag":[],"class_list":{"0":"post-1673","1":"product","2":"type-product","3":"status-publish","4":"has-post-thumbnail","6":"product_cat-acadian-embassy","7":"product_cat-apparel-hardes","8":"product_cat-merch","9":"product_shipping_class-soft-goods","10":"desktop-align-left","11":"tablet-align-left","12":"mobile-align-left","14":"first","15":"instock","16":"taxable","17":"shipping-taxable","18":"purchasable","19":"product-type-variable"},"acf":[],"_links":{"self":[{"href":"https:\/\/acadianembassy.com\/music\/wp-json\/wp\/v2\/product\/1673","targetHints":{"allow":["GET"]}}],"collection":[{"href":"https:\/\/acadianembassy.com\/music\/wp-json\/wp\/v2\/product"}],"about":[{"href":"https:\/\/acadianembassy.com\/music\/wp-json\/wp\/v2\/types\/product"}],"wp:featuredmedia":[{"embeddable":true,"href":"https:\/\/acadianembassy.com\/music\/wp-json\/wp\/v2\/media\/1675"}],"wp:attachment":[{"href":"https:\/\/acadianembassy.com\/music\/wp-json\/wp\/v2\/media?parent=1673"}],"wp:term":[{"taxonomy":"product_brand","embeddable":true,"href":"https:\/\/acadianembassy.com\/music\/wp-json\/wp\/v2\/product_brand?post=1673"},{"taxonomy":"product_cat","embeddable":true,"href":"https:\/\/acadianembassy.com\/music\/wp-json\/wp\/v2\/product_cat?post=1673"},{"taxonomy":"product_tag","embeddable":true,"href":"https:\/\/acadianembassy.com\/music\/wp-json\/wp\/v2\/product_tag?post=1673"}],"curies":[{"name":"wp","href":"https:\/\/api.w.org\/{rel}","templated":true}]}}