{"id":1661,"date":"2023-11-01T19:53:56","date_gmt":"2023-11-01T23:53:56","guid":{"rendered":"https:\/\/acadianembassy.com\/music\/?post_type=product&#038;p=1661"},"modified":"2024-11-04T17:06:39","modified_gmt":"2024-11-04T22:06:39","slug":"sluice-archiviste-lyric-book","status":"publish","type":"product","link":"https:\/\/acadianembassy.com\/music\/product\/sluice-archiviste-lyric-book\/","title":{"rendered":"Archiviste Lyric Book \/\/ Livre de Paroles"},"content":{"rendered":"<p>25-page Lyric Book featuring annotated lyrics, introduction written by Sluice&#8217;s Trevor Murphy, comprehensive bibliography, and a works cited list.<\/p>\n<p>THIS BOOK IS INCLUDED WITH EVERY VINYL PURCHASE!<br \/>\nIt is NOT included with CD or digital purchases.<\/p>\n<p>Each book has been individually Risograph printed by Nothing New Projects.<br \/>\n<a href=\"https:\/\/www.instagram.com\/nothingnewprojects\" rel=\"nofollow ugc\">www.instagram.com\/nothingnewprojects<\/a><\/p>\n<p>+++++<\/p>\n<p>Livre de 25 pages comprenant des paroles annot\u00e9es, une introduction \u00e9crite par Trevor Murphy de Sluice, une bibliographie compl\u00e8te et une liste des<span class=\"bcTruncateMore\">\u00a0\u0153uvres cit\u00e9es.<\/p>\n<p>CE LIVRE EST INCLUS AVEC CHAQUE ACHAT DE VINYLE!<br \/>\nIl n&#8217;est PAS inclus avec les achats de disques ou de l&#8217;album num\u00e9rique.<\/p>\n<p>Chaque livre a \u00e9t\u00e9 imprim\u00e9 individuellement en risographe par Nothing New Projects.<br \/>\n<a href=\"https:\/\/www.instagram.com\/nothingnewprojects\" rel=\"nofollow ugc\">www.instagram.com\/nothingnewprojects<\/a><\/span><\/p>\n","protected":false},"excerpt":{"rendered":"<p>25-page Lyric Book featuring annotated lyrics, introduction written by Sluice&#8217;s Trevor Murphy, comprehensive bibliography, and a works cited list. THIS [&hellip;]<\/p>\n","protected":false},"featured_media":1663,"template":"","meta":{"_acf_changed":false,"site-sidebar-layout":"default","site-content-layout":"","ast-site-content-layout":"default","site-content-style":"default","site-sidebar-style":"default","ast-global-header-display":"","ast-banner-title-visibility":"","ast-main-header-display":"","ast-hfb-above-header-display":"","ast-hfb-below-header-display":"","ast-hfb-mobile-header-display":"","site-post-title":"","ast-breadcrumbs-content":"","ast-featured-img":"","footer-sml-layout":"","ast-disable-related-posts":"","theme-transparent-header-meta":"default","adv-header-id-meta":"","stick-header-meta":"","header-above-stick-meta":"","header-main-stick-meta":"","header-below-stick-meta":"","astra-migrate-meta-layouts":"set","ast-page-background-enabled":"default","ast-page-background-meta":{"desktop":{"background-color":"var(--ast-global-color-4)","background-image":"","background-repeat":"repeat","background-position":"center center","background-size":"auto","background-attachment":"scroll","background-type":"","background-media":"","overlay-type":"","overlay-color":"","overlay-opacity":"","overlay-gradient":""},"tablet":{"background-color":"","background-image":"","background-repeat":"repeat","background-position":"center center","background-size":"auto","background-attachment":"scroll","background-type":"","background-media":"","overlay-type":"","overlay-color":"","overlay-opacity":"","overlay-gradient":""},"mobile":{"background-color":"","background-image":"","background-repeat":"repeat","background-position":"center center","background-size":"auto","background-attachment":"scroll","background-type":"","background-media":"","overlay-type":"","overlay-color":"","overlay-opacity":"","overlay-gradient":""}},"ast-content-background-meta":{"desktop":{"background-color":"var(--ast-global-color-5)","background-image":"","background-repeat":"repeat","background-position":"center center","background-size":"auto","background-attachment":"scroll","background-type":"","background-media":"","overlay-type":"","overlay-color":"","overlay-opacity":"","overlay-gradient":""},"tablet":{"background-color":"var(--ast-global-color-5)","background-image":"","background-repeat":"repeat","background-position":"center center","background-size":"auto","background-attachment":"scroll","background-type":"","background-media":"","overlay-type":"","overlay-color":"","overlay-opacity":"","overlay-gradient":""},"mobile":{"background-color":"var(--ast-global-color-5)","background-image":"","background-repeat":"repeat","background-position":"center center","background-size":"auto","background-attachment":"scroll","background-type":"","background-media":"","overlay-type":"","overlay-color":"","overlay-opacity":"","overlay-gradient":""}}},"product_brand":[],"product_cat":[102,22,23],"product_tag":[],"class_list":{"0":"post-1661","1":"product","2":"type-product","3":"status-publish","4":"has-post-thumbnail","6":"product_cat-books-livres","7":"product_cat-merch","8":"product_cat-sluice","9":"product_shipping_class-soft-goods","10":"desktop-align-left","11":"tablet-align-left","12":"mobile-align-left","14":"first","15":"instock","16":"taxable","17":"shipping-taxable","18":"purchasable","19":"product-type-simple"},"acf":[],"_links":{"self":[{"href":"https:\/\/acadianembassy.com\/music\/wp-json\/wp\/v2\/product\/1661","targetHints":{"allow":["GET"]}}],"collection":[{"href":"https:\/\/acadianembassy.com\/music\/wp-json\/wp\/v2\/product"}],"about":[{"href":"https:\/\/acadianembassy.com\/music\/wp-json\/wp\/v2\/types\/product"}],"wp:featuredmedia":[{"embeddable":true,"href":"https:\/\/acadianembassy.com\/music\/wp-json\/wp\/v2\/media\/1663"}],"wp:attachment":[{"href":"https:\/\/acadianembassy.com\/music\/wp-json\/wp\/v2\/media?parent=1661"}],"wp:term":[{"taxonomy":"product_brand","embeddable":true,"href":"https:\/\/acadianembassy.com\/music\/wp-json\/wp\/v2\/product_brand?post=1661"},{"taxonomy":"product_cat","embeddable":true,"href":"https:\/\/acadianembassy.com\/music\/wp-json\/wp\/v2\/product_cat?post=1661"},{"taxonomy":"product_tag","embeddable":true,"href":"https:\/\/acadianembassy.com\/music\/wp-json\/wp\/v2\/product_tag?post=1661"}],"curies":[{"name":"wp","href":"https:\/\/api.w.org\/{rel}","templated":true}]}}