{"id":1288,"date":"2020-06-12T08:13:58","date_gmt":"2020-06-12T12:13:58","guid":{"rendered":"https:\/\/acadianembassy.com\/music\/?post_type=product&#038;p=1288"},"modified":"2024-11-04T17:11:12","modified_gmt":"2024-11-04T22:11:12","slug":"sluice-un-ete-sans-frontieres","status":"publish","type":"product","link":"https:\/\/acadianembassy.com\/music\/product\/sluice-un-ete-sans-frontieres\/","title":{"rendered":"Un \u00c9t\u00e9 Sans Fronti\u200b\u00e8\u200bres"},"content":{"rendered":"<div>Download in MP3 format.<br \/>\nT\u00e9l\u00e9chargement au format MP3.<\/div>\n<p><\/p>\n<div class=\"tralbumData lyricsText\">\u00c0 la boute d&#8217;la pointe, trouve-moi proche d&#8217;la c\u00f4te<br \/>\nTous les mots faut qu&#8217;j&#8217;dise quitt\u00e9 sur le pont<br \/>\nIcitte dans le temps avant les grands moulins<br \/>\nSi j&#8217;te demandes \u00e0 soir, vas-tu dire demain?<br \/>\n\u00c0 la boute d&#8217;la pointeEntends nos cris de coeur<br \/>\nDessous la pleine luneUn \u00e9t\u00e9 sans fronti\u00e8res<\/p>\n<p>Au bas de l&#8217;\u00eele sur un samedi soir<br \/>\nGrous maudit time sur les Westergards<br \/>\nIcitte dans le temps avant les neu logis<br \/>\nBand sur la porch, la pr\u00e9sence des esprits<br \/>\nAu bas de l&#8217;\u00eele<\/p>\n<p>Entends nos cris de coeur<br \/>\nDessous la pleine lune<\/p>\n<p>Un \u00e9t\u00e9 sans fronti\u00e8res<\/p>\n<\/div>\n<h3 class=\"credits-label\"><\/h3>\n<div class=\"tralbumData tralbum-credits\">Performance et r\u00e9alisation par Trevor Murphy.<br \/>\nAvec Josh &#8220;Pinky&#8221; Pothier (batteries) et AA Wallace (guitar solo).<br \/>\nEnregistrer par Palmer Jamieson \u00e0 The Golden Palm en Halifax, N.-\u00c9.<br \/>\nMixe par AJ Boutilier en Halifax, N.-\u00c9.<br \/>\nMastering par J. LaPointe \u00e0 Archive Mastering en Mineville, N.-\u00c9.Conception d&#8217;art par The Empire.<br \/>\nPhoto originale d&#8217;Elaine Leblanc c\/o le Surette&#8217;s Island Group sur Facebook<\/p>\n<p>++++++++<\/p>\n<p>Performed &amp; produced by Trevor Murphy.<br \/>\nFeaturing Josh &#8220;Pinky&#8221; Pothier (drums) &amp; AA Wallace (guitar solo).<\/p>\n<p>Recorded at The Golden Palm in Halifax, NS.<br \/>\nMixed by AJ Boutilier in Halifax, NS.<br \/>\nMastered by J. LaPointe at Archive Mastering in Mineville, NS.<\/p>\n<p>Art design by The Empire.<br \/>\nOriginal photo from Elaine Leblanc c\/o the Surette&#8217;s Island Group on Facebook<\/p>\n<\/div>\n","protected":false},"excerpt":{"rendered":"<p>Download in MP3 format. T\u00e9l\u00e9chargement au format MP3. \u00c0 la boute d&#8217;la pointe, trouve-moi proche d&#8217;la c\u00f4te Tous les mots [&hellip;]<\/p>\n","protected":false},"featured_media":1289,"template":"","meta":{"_acf_changed":false,"site-sidebar-layout":"default","site-content-layout":"","ast-site-content-layout":"default","site-content-style":"default","site-sidebar-style":"default","ast-global-header-display":"","ast-banner-title-visibility":"","ast-main-header-display":"","ast-hfb-above-header-display":"","ast-hfb-below-header-display":"","ast-hfb-mobile-header-display":"","site-post-title":"","ast-breadcrumbs-content":"","ast-featured-img":"","footer-sml-layout":"","theme-transparent-header-meta":"default","adv-header-id-meta":"","stick-header-meta":"","header-above-stick-meta":"","header-main-stick-meta":"","header-below-stick-meta":"","astra-migrate-meta-layouts":"set","ast-page-background-enabled":"default","ast-page-background-meta":{"desktop":{"background-color":"var(--ast-global-color-4)","background-image":"","background-repeat":"repeat","background-position":"center center","background-size":"auto","background-attachment":"scroll","background-type":"","background-media":"","overlay-type":"","overlay-color":"","overlay-opacity":"","overlay-gradient":""},"tablet":{"background-color":"","background-image":"","background-repeat":"repeat","background-position":"center center","background-size":"auto","background-attachment":"scroll","background-type":"","background-media":"","overlay-type":"","overlay-color":"","overlay-opacity":"","overlay-gradient":""},"mobile":{"background-color":"","background-image":"","background-repeat":"repeat","background-position":"center center","background-size":"auto","background-attachment":"scroll","background-type":"","background-media":"","overlay-type":"","overlay-color":"","overlay-opacity":"","overlay-gradient":""}},"ast-content-background-meta":{"desktop":{"background-color":"var(--ast-global-color-5)","background-image":"","background-repeat":"repeat","background-position":"center center","background-size":"auto","background-attachment":"scroll","background-type":"","background-media":"","overlay-type":"","overlay-color":"","overlay-opacity":"","overlay-gradient":""},"tablet":{"background-color":"var(--ast-global-color-5)","background-image":"","background-repeat":"repeat","background-position":"center center","background-size":"auto","background-attachment":"scroll","background-type":"","background-media":"","overlay-type":"","overlay-color":"","overlay-opacity":"","overlay-gradient":""},"mobile":{"background-color":"var(--ast-global-color-5)","background-image":"","background-repeat":"repeat","background-position":"center center","background-size":"auto","background-attachment":"scroll","background-type":"","background-media":"","overlay-type":"","overlay-color":"","overlay-opacity":"","overlay-gradient":""}}},"product_brand":[],"product_cat":[20,34,31,23],"product_tag":[],"class_list":{"0":"post-1288","1":"product","2":"type-product","3":"status-publish","4":"has-post-thumbnail","6":"product_cat-digital-numerique","7":"product_cat-music-musique","8":"product_cat-releases","9":"product_cat-sluice","10":"desktop-align-left","11":"tablet-align-left","12":"mobile-align-left","14":"first","15":"instock","16":"downloadable","17":"virtual","18":"taxable","19":"purchasable","20":"product-type-simple"},"acf":[],"_links":{"self":[{"href":"https:\/\/acadianembassy.com\/music\/wp-json\/wp\/v2\/product\/1288","targetHints":{"allow":["GET"]}}],"collection":[{"href":"https:\/\/acadianembassy.com\/music\/wp-json\/wp\/v2\/product"}],"about":[{"href":"https:\/\/acadianembassy.com\/music\/wp-json\/wp\/v2\/types\/product"}],"wp:featuredmedia":[{"embeddable":true,"href":"https:\/\/acadianembassy.com\/music\/wp-json\/wp\/v2\/media\/1289"}],"wp:attachment":[{"href":"https:\/\/acadianembassy.com\/music\/wp-json\/wp\/v2\/media?parent=1288"}],"wp:term":[{"taxonomy":"product_brand","embeddable":true,"href":"https:\/\/acadianembassy.com\/music\/wp-json\/wp\/v2\/product_brand?post=1288"},{"taxonomy":"product_cat","embeddable":true,"href":"https:\/\/acadianembassy.com\/music\/wp-json\/wp\/v2\/product_cat?post=1288"},{"taxonomy":"product_tag","embeddable":true,"href":"https:\/\/acadianembassy.com\/music\/wp-json\/wp\/v2\/product_tag?post=1288"}],"curies":[{"name":"wp","href":"https:\/\/api.w.org\/{rel}","templated":true}]}}