{"id":1284,"date":"2021-04-30T08:09:50","date_gmt":"2021-04-30T12:09:50","guid":{"rendered":"https:\/\/acadianembassy.com\/music\/?post_type=product&#038;p=1284"},"modified":"2024-11-04T17:10:12","modified_gmt":"2024-11-04T22:10:12","slug":"sluice-le-succes-par-le-travail","status":"publish","type":"product","link":"https:\/\/acadianembassy.com\/music\/product\/sluice-le-succes-par-le-travail\/","title":{"rendered":"Le succ\u200b\u00e8\u200bs par le travail"},"content":{"rendered":"<p>Toutes les chansons \u00e9crites, compos\u00e9es et r\u00e9alis\u00e9es par Trevor Murphy.<\/p>\n<p>Interpr\u00e9t\u00e9 (guitare, basse, voix, clavier) par Trevor Murphy avec:<br \/>\nJosh \u201cPinky\u201d Pothier &#8211; Batteries (2, 4, 7)<br \/>\nChris Murdoch &#8211; Batteries (1, 3, 6, 8)<br \/>\nJay Methot &#8211; Guitare (1)<br \/>\nJean-\u00c9tienne Sheehy &#8211; Guitare (4)<br \/>\nAA Wallace &#8211; Guitare (7)<br \/>\nJos\u00e9 Contreras &#8211; Guitare et piano (8)<br \/>\nJulia Weir &#8211; Voix (1, 8)<br \/>\nConnor Booth &#8211; Voix (1, 8)<br \/>\nChantal Caissie &#8211; Voix (4)<br \/>\nSerena Wu &#8211; Voix (6)<br \/>\nPalmer Jamieson &#8211; Synth (6)<\/p>\n<p>Enregistr\u00e9 par Palmer Jamieson \u00e0 The Golden Palm.<br \/>\nMixe par AJ Boutilier (1, 2, 3, 4, 6, 7, 8) et Palmer Jamieson (5)<br \/>\nGravure par J. LaPointe \u00e0 Archive Mastering.<\/p>\n<p>Conception d\u2019art par The Empire.<\/p>\n<p>+++++<\/p>\n<p>All songs written, composed, and produced by Trevor Murphy.<\/p>\n<p>Performed (guitar, bass, vocals, keys) by Trevor Murphy with:<br \/>\nJosh \u201cPinky\u201d Pothier &#8211; Drums (2, 4, 7)<br \/>\nChris Murdoch &#8211; Drums (1, 3, 6, 8)<br \/>\nJay Methot &#8211; Guitar (1)<br \/>\nJean-\u00c9tienne Sheehy &#8211; Guitar (4)<br \/>\nAA Wallace &#8211; Guitar (7)<br \/>\nJos\u00e9 Contreras &#8211; Guitar and piano (8)<br \/>\nJulia Weir &#8211; Vocals (1, 8)<br \/>\nConnor Booth &#8211; Vocals (1, 8)<br \/>\nChantal Caissie &#8211; Vocals (4)<br \/>\nSerena Wu &#8211; Vocals (6)<br \/>\nPalmer Jamieson &#8211; Synth (6)<\/p>\n<p>Recorded by Palmer Jamieson at The Golden Palm.<br \/>\nMixed by AJ Boutilier (1, 2, 3, 4, 6, 7, 8) &amp; Palmer Jamieson (5)<br \/>\nMastering par J. LaPointe at Archive Mastering.<\/p>\n<p>Art Design by The Empire.<\/p>\n","protected":false},"excerpt":{"rendered":"<h5>TRACKLIST \/ liste des pistes<\/h5>\n<p>1. Ma premi\u00e8re drogue<br \/>\n2. Le ruisseau<br \/>\n3. Bunker&#8217;s Island<br \/>\n4. Tu touches, tu bouges<br \/>\n5. Cat\u00e9ch\u00e8se: A+<br \/>\n6. \u00c9lectrique<br \/>\n7. Un \u00e9t\u00e9 sans fronti\u00e8res<br \/>\n8. Runnin&#8217; The Roads<\/p>\n","protected":false},"featured_media":1287,"template":"","meta":{"_acf_changed":false,"site-sidebar-layout":"default","site-content-layout":"","ast-site-content-layout":"default","site-content-style":"default","site-sidebar-style":"default","ast-global-header-display":"","ast-banner-title-visibility":"","ast-main-header-display":"","ast-hfb-above-header-display":"","ast-hfb-below-header-display":"","ast-hfb-mobile-header-display":"","site-post-title":"","ast-breadcrumbs-content":"","ast-featured-img":"","footer-sml-layout":"","theme-transparent-header-meta":"default","adv-header-id-meta":"","stick-header-meta":"","header-above-stick-meta":"","header-main-stick-meta":"","header-below-stick-meta":"","astra-migrate-meta-layouts":"set","ast-page-background-enabled":"default","ast-page-background-meta":{"desktop":{"background-color":"var(--ast-global-color-4)","background-image":"","background-repeat":"repeat","background-position":"center center","background-size":"auto","background-attachment":"scroll","background-type":"","background-media":"","overlay-type":"","overlay-color":"","overlay-opacity":"","overlay-gradient":""},"tablet":{"background-color":"","background-image":"","background-repeat":"repeat","background-position":"center center","background-size":"auto","background-attachment":"scroll","background-type":"","background-media":"","overlay-type":"","overlay-color":"","overlay-opacity":"","overlay-gradient":""},"mobile":{"background-color":"","background-image":"","background-repeat":"repeat","background-position":"center center","background-size":"auto","background-attachment":"scroll","background-type":"","background-media":"","overlay-type":"","overlay-color":"","overlay-opacity":"","overlay-gradient":""}},"ast-content-background-meta":{"desktop":{"background-color":"var(--ast-global-color-5)","background-image":"","background-repeat":"repeat","background-position":"center center","background-size":"auto","background-attachment":"scroll","background-type":"","background-media":"","overlay-type":"","overlay-color":"","overlay-opacity":"","overlay-gradient":""},"tablet":{"background-color":"var(--ast-global-color-5)","background-image":"","background-repeat":"repeat","background-position":"center center","background-size":"auto","background-attachment":"scroll","background-type":"","background-media":"","overlay-type":"","overlay-color":"","overlay-opacity":"","overlay-gradient":""},"mobile":{"background-color":"var(--ast-global-color-5)","background-image":"","background-repeat":"repeat","background-position":"center center","background-size":"auto","background-attachment":"scroll","background-type":"","background-media":"","overlay-type":"","overlay-color":"","overlay-opacity":"","overlay-gradient":""}}},"product_brand":[],"product_cat":[19,20,34,31,23],"product_tag":[],"class_list":{"0":"post-1284","1":"product","2":"type-product","3":"status-publish","4":"has-post-thumbnail","6":"product_cat-cd-disques","7":"product_cat-digital-numerique","8":"product_cat-music-musique","9":"product_cat-releases","10":"product_cat-sluice","11":"desktop-align-left","12":"tablet-align-left","13":"mobile-align-left","15":"first","16":"instock","17":"taxable","18":"shipping-taxable","19":"purchasable","20":"product-type-variable"},"acf":[],"_links":{"self":[{"href":"https:\/\/acadianembassy.com\/music\/wp-json\/wp\/v2\/product\/1284","targetHints":{"allow":["GET"]}}],"collection":[{"href":"https:\/\/acadianembassy.com\/music\/wp-json\/wp\/v2\/product"}],"about":[{"href":"https:\/\/acadianembassy.com\/music\/wp-json\/wp\/v2\/types\/product"}],"wp:featuredmedia":[{"embeddable":true,"href":"https:\/\/acadianembassy.com\/music\/wp-json\/wp\/v2\/media\/1287"}],"wp:attachment":[{"href":"https:\/\/acadianembassy.com\/music\/wp-json\/wp\/v2\/media?parent=1284"}],"wp:term":[{"taxonomy":"product_brand","embeddable":true,"href":"https:\/\/acadianembassy.com\/music\/wp-json\/wp\/v2\/product_brand?post=1284"},{"taxonomy":"product_cat","embeddable":true,"href":"https:\/\/acadianembassy.com\/music\/wp-json\/wp\/v2\/product_cat?post=1284"},{"taxonomy":"product_tag","embeddable":true,"href":"https:\/\/acadianembassy.com\/music\/wp-json\/wp\/v2\/product_tag?post=1284"}],"curies":[{"name":"wp","href":"https:\/\/api.w.org\/{rel}","templated":true}]}}