{"id":1282,"date":"2020-11-27T07:59:23","date_gmt":"2020-11-27T12:59:23","guid":{"rendered":"https:\/\/acadianembassy.com\/music\/?post_type=product&#038;p=1282"},"modified":"2024-11-04T17:10:30","modified_gmt":"2024-11-04T22:10:30","slug":"sluice-le-ruisseau","status":"publish","type":"product","link":"https:\/\/acadianembassy.com\/music\/product\/sluice-le-ruisseau\/","title":{"rendered":"Le ruisseau"},"content":{"rendered":"<div>Download in MP3 format.<br \/>\nT\u00e9l\u00e9chargement au format MP3.<\/div>\n<p>&nbsp;<\/p>\n<div class=\"tralbumData lyricsText\">J&#8217;ai laiss\u00e9 la porte ouverte<br \/>\nAllons trouver ce qu&#8217;on peut<br \/>\nDans toutes les classes, sur les tableaux noirs<br \/>\nDes messages furieuxLes corridors sont une goddamn d\u00e9sastre<br \/>\nDes livres partout sur terre<br \/>\nEt l&#8217;aire frigide passe les casiers vides<br \/>\nIls se rappellent pas de hierEt le ruisseau \u00e0 s\u00e9ch\u00e9 c&#8217;t&#8217;ann\u00e9e<br \/>\nLe ruisseau coule pu astheure<br \/>\nLe ruisseau, le ruisseauApporte ton video camera<br \/>\nIl faut qu&#8217;on capture \u00e7a sur filme<br \/>\nDes dumb p&#8217;tits gars de Par-en-Bas<br \/>\nQui garde la preuve de nos crimes<\/p>\n<p>Les archivistes de la find d&#8217;une \u00e9poque<br \/>\nDes sauveurs dans le soir<br \/>\nCes m\u00e9moires creuses, des le\u00e7ons s\u00e9rieuses<br \/>\nOn est les derniers de les voir<\/p>\n<p>Et le ruisseau \u00e0 s\u00e9ch\u00e9 c&#8217;t&#8217;ann\u00e9e<br \/>\nLe ruisseau coule pu astheure<br \/>\nLe ruisseau, le ruisseau<\/p>\n<p>Pour des centaines de jours on a fait nos tours<br \/>\nDes p&#8217;t&#8217;its jeunes sceptiques<br \/>\nHalf endormi, la signe de sortie<br \/>\nSerait toujours \u00e9lectrique<br \/>\nOn attend Saint Anne ces jours<br \/>\nOn atten Saint Anne<\/p>\n<p>Et le ruisseau \u00e0 s\u00e9ch\u00e9 c&#8217;t&#8217;ann\u00e9e<br \/>\nLe ruisseau coule pu astheure<br \/>\nLe ruisseau, le ruisseau<\/p>\n<\/div>\n<div class=\"tralbumData tralbum-credits\">Performance et r\u00e9alisation par Trevor Murphy.<br \/>\nAvec Josh &#8220;Pinky&#8221; Pothier (batteries).<br \/>\nEnregistrer par Palmer Jamieson \u00e0 The Golden Palm en Halifax, N.-\u00c9.<br \/>\nMixe par AJ Boutilier en Halifax, N.-\u00c9.<br \/>\nMastering par J. LaPointe \u00e0 Archive Mastering en Mineville, N.-\u00c9.<br \/>\nConception d&#8217;art par The Empire.<br \/>\nPhoto originale c\/o le Sainte-Anne-Du-Ruisseau, Eel Brook and Rocco Point Group sur Facebook<\/div>\n","protected":false},"excerpt":{"rendered":"<p>Download in MP3 format. T\u00e9l\u00e9chargement au format MP3. &nbsp; J&#8217;ai laiss\u00e9 la porte ouverte Allons trouver ce qu&#8217;on peut Dans [&hellip;]<\/p>\n","protected":false},"featured_media":1283,"template":"","meta":{"_acf_changed":false,"site-sidebar-layout":"default","site-content-layout":"","ast-site-content-layout":"default","site-content-style":"default","site-sidebar-style":"default","ast-global-header-display":"","ast-banner-title-visibility":"","ast-main-header-display":"","ast-hfb-above-header-display":"","ast-hfb-below-header-display":"","ast-hfb-mobile-header-display":"","site-post-title":"","ast-breadcrumbs-content":"","ast-featured-img":"","footer-sml-layout":"","theme-transparent-header-meta":"default","adv-header-id-meta":"","stick-header-meta":"","header-above-stick-meta":"","header-main-stick-meta":"","header-below-stick-meta":"","astra-migrate-meta-layouts":"set","ast-page-background-enabled":"default","ast-page-background-meta":{"desktop":{"background-color":"var(--ast-global-color-4)","background-image":"","background-repeat":"repeat","background-position":"center center","background-size":"auto","background-attachment":"scroll","background-type":"","background-media":"","overlay-type":"","overlay-color":"","overlay-opacity":"","overlay-gradient":""},"tablet":{"background-color":"","background-image":"","background-repeat":"repeat","background-position":"center center","background-size":"auto","background-attachment":"scroll","background-type":"","background-media":"","overlay-type":"","overlay-color":"","overlay-opacity":"","overlay-gradient":""},"mobile":{"background-color":"","background-image":"","background-repeat":"repeat","background-position":"center center","background-size":"auto","background-attachment":"scroll","background-type":"","background-media":"","overlay-type":"","overlay-color":"","overlay-opacity":"","overlay-gradient":""}},"ast-content-background-meta":{"desktop":{"background-color":"var(--ast-global-color-5)","background-image":"","background-repeat":"repeat","background-position":"center center","background-size":"auto","background-attachment":"scroll","background-type":"","background-media":"","overlay-type":"","overlay-color":"","overlay-opacity":"","overlay-gradient":""},"tablet":{"background-color":"var(--ast-global-color-5)","background-image":"","background-repeat":"repeat","background-position":"center center","background-size":"auto","background-attachment":"scroll","background-type":"","background-media":"","overlay-type":"","overlay-color":"","overlay-opacity":"","overlay-gradient":""},"mobile":{"background-color":"var(--ast-global-color-5)","background-image":"","background-repeat":"repeat","background-position":"center center","background-size":"auto","background-attachment":"scroll","background-type":"","background-media":"","overlay-type":"","overlay-color":"","overlay-opacity":"","overlay-gradient":""}}},"product_brand":[],"product_cat":[20,34,31,23],"product_tag":[],"class_list":{"0":"post-1282","1":"product","2":"type-product","3":"status-publish","4":"has-post-thumbnail","6":"product_cat-digital-numerique","7":"product_cat-music-musique","8":"product_cat-releases","9":"product_cat-sluice","10":"desktop-align-left","11":"tablet-align-left","12":"mobile-align-left","14":"first","15":"instock","16":"downloadable","17":"virtual","18":"taxable","19":"purchasable","20":"product-type-simple"},"acf":[],"_links":{"self":[{"href":"https:\/\/acadianembassy.com\/music\/wp-json\/wp\/v2\/product\/1282","targetHints":{"allow":["GET"]}}],"collection":[{"href":"https:\/\/acadianembassy.com\/music\/wp-json\/wp\/v2\/product"}],"about":[{"href":"https:\/\/acadianembassy.com\/music\/wp-json\/wp\/v2\/types\/product"}],"wp:featuredmedia":[{"embeddable":true,"href":"https:\/\/acadianembassy.com\/music\/wp-json\/wp\/v2\/media\/1283"}],"wp:attachment":[{"href":"https:\/\/acadianembassy.com\/music\/wp-json\/wp\/v2\/media?parent=1282"}],"wp:term":[{"taxonomy":"product_brand","embeddable":true,"href":"https:\/\/acadianembassy.com\/music\/wp-json\/wp\/v2\/product_brand?post=1282"},{"taxonomy":"product_cat","embeddable":true,"href":"https:\/\/acadianembassy.com\/music\/wp-json\/wp\/v2\/product_cat?post=1282"},{"taxonomy":"product_tag","embeddable":true,"href":"https:\/\/acadianembassy.com\/music\/wp-json\/wp\/v2\/product_tag?post=1282"}],"curies":[{"name":"wp","href":"https:\/\/api.w.org\/{rel}","templated":true}]}}