{"id":1277,"date":"2023-09-19T07:34:41","date_gmt":"2023-09-19T11:34:41","guid":{"rendered":"https:\/\/acadianembassy.com\/music\/?post_type=product&#038;p=1277"},"modified":"2024-11-04T17:06:50","modified_gmt":"2024-11-04T22:06:50","slug":"sluice-agis-comme-du-monde","status":"publish","type":"product","link":"https:\/\/acadianembassy.com\/music\/product\/sluice-agis-comme-du-monde\/","title":{"rendered":"Agis comme du monde"},"content":{"rendered":"<p>Download in MP3 format.<br \/>\nT\u00e9l\u00e9chargement au format MP3.<\/p>\n<p>Le premier single du nouvel album \u00e0 Sluice, Archiviste. Disponible le 03 novembre, 2023 via Acadian Embassy.<\/p>\n<p>lyrics<br \/>\nGreille toi, tout l\u2019temps \u00e0 la valdrague<br \/>\nGrouille toi, paresseu su parade<br \/>\nGaroche ca, fatigu\u00e9 te hucher<br \/>\nGaspille pas, j\u2019allons pu te jeter<br \/>\nAckmode, tous s\u2019tu fais c\u2019est tymer<br \/>\nHa\u00efssable, tu t\u2019crois cool aux Frenchy<br \/>\nRight cute, tu plan de faire d\u2019la musique<br \/>\nHollywood est friggen loin d\u2019icitte<\/p>\n<p>Agis comme du monde<br \/>\nIls m\u2019disont all the time<br \/>\nTon weirdness c\u2019est ton crime<br \/>\nTon weirdness c\u2019est ton crime<\/p>\n<p>L\u00e8ve toi, peigne tes ch\u2019veux une p\u2019tite miette<br \/>\nHupt toi, tes ous mous sont point prette<br \/>\nLargue \u00e7a, tes daydreams v\u2019nont d\u2019eyou?<br \/>\nA cout\u00fbme, j\u2019avais des r\u00eaves itou<br \/>\nMalonne, cach\u00e9 dans les feutchaques<br \/>\nTaise toi, et toute la tronne que tu braques<br \/>\nRamasse, toute tes fleurs de gin<br \/>\nDrive around this stupid town again<\/p>\n<p>Agis comme du monde<br \/>\nIls m\u2019disont all the time<br \/>\nTon weirdness c\u2019est ton crime<br \/>\nTon weirdness c\u2019est ton crime<\/p>\n<p>Greille toi, grouille toi, garoche \u00e7a, gaspille pas<br \/>\nAckmode, ha\u00efssable, right cute, Hollywood<br \/>\nL\u00e8ve toi, hupt toi, largue \u00e7a, \u00e0 cout\u00fbme<br \/>\nMalonne, taise toi, ramasse, drive around<\/p>\n<p>Agis comme du monde<br \/>\nIls m\u2019disont all the time<br \/>\nTon weirdness c\u2019est ton crime<br \/>\nTon weirdness c\u2019est ton crime<br \/>\ncredits<\/p>\n<p>WATCH THE VID: <a href=\"http:\/\/youtu.be\/1zfTra1SsxE\" target=\"_blank\" rel=\"noopener\">youtu.be\/1zfTra1SsxE<\/a><\/p>\n<p>CR\u00c9DITS &#8211; MUSIQUE:<br \/>\nBasse\/voix: Trevor Murphy<br \/>\nGuitares\/voix: AA Wallace<br \/>\nBatteries\/voix: Connor Booth<br \/>\nClaps: Thomas D\u2019Arcy, Keith Hamilton, Steve Kreklo<\/p>\n<p>CR\u00c9DITS &#8211; ENREGISTREMENT:<br \/>\nR\u00e9alisateur: AA Wallace<br \/>\nStudio: Taurus Recording &#8211; Toronto, ON<br \/>\nIng\u00e9nieur: Thomas D&#8217;Arcy<br \/>\nAssistant ing\u00e9nieur: Jesse Turnbull<br \/>\nMixe: Jay Dufour<br \/>\nMaster: Kristian Montano<\/p>\n<p>MERCI:<br \/>\nDora &amp; Vernon Jacquard \u00e0 Tusket Frenchys, Normand Pothier, Andre LeBlanc et ses parents, Cory Le Blanc, Jesse Macleod et tous nos chums.<\/p>\n<p>De l\u2019album Archiviste<br \/>\n\u00a9 2023 Acadian Embassy<\/p>\n<p>Ce projet a \u00e9t\u00e9 rendu possible en partie gr\u00e2ce aux gouvernements du Canada et de la Nouvelle-\u00c9cosse, le Conseil des arts du Canada et Music Nova Scotia.<\/p>\n","protected":false},"excerpt":{"rendered":"<p>Download in MP3 format. T\u00e9l\u00e9chargement au format MP3. Le premier single du nouvel album \u00e0 Sluice, Archiviste. Disponible le 03 [&hellip;]<\/p>\n","protected":false},"featured_media":1278,"template":"","meta":{"_acf_changed":false,"site-sidebar-layout":"default","site-content-layout":"","ast-site-content-layout":"default","site-content-style":"default","site-sidebar-style":"default","ast-global-header-display":"","ast-banner-title-visibility":"","ast-main-header-display":"","ast-hfb-above-header-display":"","ast-hfb-below-header-display":"","ast-hfb-mobile-header-display":"","site-post-title":"","ast-breadcrumbs-content":"","ast-featured-img":"","footer-sml-layout":"","ast-disable-related-posts":"","theme-transparent-header-meta":"default","adv-header-id-meta":"","stick-header-meta":"","header-above-stick-meta":"","header-main-stick-meta":"","header-below-stick-meta":"","astra-migrate-meta-layouts":"set","ast-page-background-enabled":"default","ast-page-background-meta":{"desktop":{"background-color":"var(--ast-global-color-4)","background-image":"","background-repeat":"repeat","background-position":"center center","background-size":"auto","background-attachment":"scroll","background-type":"","background-media":"","overlay-type":"","overlay-color":"","overlay-opacity":"","overlay-gradient":""},"tablet":{"background-color":"","background-image":"","background-repeat":"repeat","background-position":"center center","background-size":"auto","background-attachment":"scroll","background-type":"","background-media":"","overlay-type":"","overlay-color":"","overlay-opacity":"","overlay-gradient":""},"mobile":{"background-color":"","background-image":"","background-repeat":"repeat","background-position":"center center","background-size":"auto","background-attachment":"scroll","background-type":"","background-media":"","overlay-type":"","overlay-color":"","overlay-opacity":"","overlay-gradient":""}},"ast-content-background-meta":{"desktop":{"background-color":"var(--ast-global-color-5)","background-image":"","background-repeat":"repeat","background-position":"center center","background-size":"auto","background-attachment":"scroll","background-type":"","background-media":"","overlay-type":"","overlay-color":"","overlay-opacity":"","overlay-gradient":""},"tablet":{"background-color":"var(--ast-global-color-5)","background-image":"","background-repeat":"repeat","background-position":"center center","background-size":"auto","background-attachment":"scroll","background-type":"","background-media":"","overlay-type":"","overlay-color":"","overlay-opacity":"","overlay-gradient":""},"mobile":{"background-color":"var(--ast-global-color-5)","background-image":"","background-repeat":"repeat","background-position":"center center","background-size":"auto","background-attachment":"scroll","background-type":"","background-media":"","overlay-type":"","overlay-color":"","overlay-opacity":"","overlay-gradient":""}}},"product_brand":[],"product_cat":[20,34,31,23],"product_tag":[],"class_list":{"0":"post-1277","1":"product","2":"type-product","3":"status-publish","4":"has-post-thumbnail","6":"product_cat-digital-numerique","7":"product_cat-music-musique","8":"product_cat-releases","9":"product_cat-sluice","10":"desktop-align-left","11":"tablet-align-left","12":"mobile-align-left","14":"first","15":"instock","16":"downloadable","17":"virtual","18":"taxable","19":"purchasable","20":"product-type-simple"},"acf":[],"_links":{"self":[{"href":"https:\/\/acadianembassy.com\/music\/wp-json\/wp\/v2\/product\/1277","targetHints":{"allow":["GET"]}}],"collection":[{"href":"https:\/\/acadianembassy.com\/music\/wp-json\/wp\/v2\/product"}],"about":[{"href":"https:\/\/acadianembassy.com\/music\/wp-json\/wp\/v2\/types\/product"}],"wp:featuredmedia":[{"embeddable":true,"href":"https:\/\/acadianembassy.com\/music\/wp-json\/wp\/v2\/media\/1278"}],"wp:attachment":[{"href":"https:\/\/acadianembassy.com\/music\/wp-json\/wp\/v2\/media?parent=1277"}],"wp:term":[{"taxonomy":"product_brand","embeddable":true,"href":"https:\/\/acadianembassy.com\/music\/wp-json\/wp\/v2\/product_brand?post=1277"},{"taxonomy":"product_cat","embeddable":true,"href":"https:\/\/acadianembassy.com\/music\/wp-json\/wp\/v2\/product_cat?post=1277"},{"taxonomy":"product_tag","embeddable":true,"href":"https:\/\/acadianembassy.com\/music\/wp-json\/wp\/v2\/product_tag?post=1277"}],"curies":[{"name":"wp","href":"https:\/\/api.w.org\/{rel}","templated":true}]}}