{"id":1225,"date":"2022-02-14T08:05:31","date_gmt":"2022-02-14T13:05:31","guid":{"rendered":"https:\/\/acadianembassy.com\/music\/?post_type=product&#038;p=1225"},"modified":"2024-11-04T17:09:40","modified_gmt":"2024-11-04T22:09:40","slug":"peanut-butter-sunday-soleil-single","status":"publish","type":"product","link":"https:\/\/acadianembassy.com\/music\/product\/peanut-butter-sunday-soleil-single\/","title":{"rendered":"Soleil (Single)"},"content":{"rendered":"<p>Download in MP3 format.<br \/>\nT\u00e9l\u00e9chargement au format MP3.<\/p>\n<p>Assis-toi<br \/>\n\u00c7a\u2019m fa rionne quoisse tu crois<br \/>\nParle moi rinque mes-tu pousse<br \/>\nUne couple de dents dans ta gueule<br \/>\nQuoisse tu brasses dan\u2019l matonne<br \/>\nMarr\u00e9 basse fuck shu plonne<br \/>\nHardes salopes sur l\u2019\u00e9chine \u00e0 la beach<br \/>\nLe soleil brule ma peau<br \/>\nMais toi tu brule ma fucking brain<br \/>\nShu gone \u00e0 Mexico boire du \u2018rona sur la train<br \/>\nCigarette au bec, une bathing suit, une chemise de David Blaine<br \/>\nR\u00e9veil toi<br \/>\nPrie au dieu<br \/>\nFrippe la croix<br \/>\nDrive around dans ta house<br \/>\nPour le ch\u2019monne<br \/>\nFuck shu plonne<br \/>\nCall ma m\u00e8re<br \/>\nLa tchienne itou<br \/>\nPoint d\u2019r\u00e9ponse<br \/>\nWhooptie do<br \/>\nFiberglass<br \/>\n\u2018Rona frette<br \/>\nVa t\u2019coucher<br \/>\nLe soleil brule ma peau<br \/>\nMais toi tu brule ma fucking brain<br \/>\nShu gone \u00e0 Mexico boire du \u2018rona sur la train<br \/>\nCigarette au bec, une bathing suit, une chemise de David Blaine Blaine<br \/>\nAssis-toi<br \/>\n\u00c7a\u2019m fa rionne quoisse tu crois<br \/>\nParle moi rinque mes-tu pousse<br \/>\nUne couple de dents dans ta gueule<br \/>\nQuoisse tu brasses dan\u2019l matonne<br \/>\nMarr\u00e9 basse fuck shu plonne<br \/>\nHardes salopes sur l\u2019\u00e9chine \u00e0 la beach<\/p>\n<p>LEXIQUE des MOTS ACADIENS:<br \/>\nQuoisse = qu&#8217;est ce que tu<br \/>\nRinque = seulement<br \/>\nPlonne = ivre<br \/>\nHardes salopes = v\u00eatements sales<br \/>\nFrippe = l\u00e9cher<br \/>\nCh&#8217;monne = chemin<br \/>\nTchienne = tienne<br \/>\nRionne = rien<br \/>\nPoint = pas<\/p>\n<p>Michael Saulnier &#8211; guitare, voix<br \/>\nNormand Pothier &#8211; guitare<br \/>\nAndre LeBlanc &#8211; batteries<br \/>\nJacques Blinn &#8211; basse<br \/>\nBuddy \u00e0 Michael &#8211; moonshine<\/p>\n<p>Enregistrer su Norm \u00e0 Pointe d&#8217;\u00c9glise, N-\u00c9<br \/>\nMixer au Golden Palm par Palmer Jamieson \u00e0 Halifax, N-\u00c9<\/p>\n","protected":false},"excerpt":{"rendered":"<p>Download in MP3 format. T\u00e9l\u00e9chargement au format MP3. Assis-toi \u00c7a\u2019m fa rionne quoisse tu crois Parle moi rinque mes-tu pousse [&hellip;]<\/p>\n","protected":false},"featured_media":1226,"template":"","meta":{"_acf_changed":false,"site-sidebar-layout":"default","site-content-layout":"","ast-site-content-layout":"default","site-content-style":"default","site-sidebar-style":"default","ast-global-header-display":"","ast-banner-title-visibility":"","ast-main-header-display":"","ast-hfb-above-header-display":"","ast-hfb-below-header-display":"","ast-hfb-mobile-header-display":"","site-post-title":"","ast-breadcrumbs-content":"","ast-featured-img":"","footer-sml-layout":"","theme-transparent-header-meta":"default","adv-header-id-meta":"","stick-header-meta":"","header-above-stick-meta":"","header-main-stick-meta":"","header-below-stick-meta":"","astra-migrate-meta-layouts":"set","ast-page-background-enabled":"default","ast-page-background-meta":{"desktop":{"background-color":"var(--ast-global-color-4)","background-image":"","background-repeat":"repeat","background-position":"center center","background-size":"auto","background-attachment":"scroll","background-type":"","background-media":"","overlay-type":"","overlay-color":"","overlay-opacity":"","overlay-gradient":""},"tablet":{"background-color":"","background-image":"","background-repeat":"repeat","background-position":"center center","background-size":"auto","background-attachment":"scroll","background-type":"","background-media":"","overlay-type":"","overlay-color":"","overlay-opacity":"","overlay-gradient":""},"mobile":{"background-color":"","background-image":"","background-repeat":"repeat","background-position":"center center","background-size":"auto","background-attachment":"scroll","background-type":"","background-media":"","overlay-type":"","overlay-color":"","overlay-opacity":"","overlay-gradient":""}},"ast-content-background-meta":{"desktop":{"background-color":"var(--ast-global-color-5)","background-image":"","background-repeat":"repeat","background-position":"center center","background-size":"auto","background-attachment":"scroll","background-type":"","background-media":"","overlay-type":"","overlay-color":"","overlay-opacity":"","overlay-gradient":""},"tablet":{"background-color":"var(--ast-global-color-5)","background-image":"","background-repeat":"repeat","background-position":"center center","background-size":"auto","background-attachment":"scroll","background-type":"","background-media":"","overlay-type":"","overlay-color":"","overlay-opacity":"","overlay-gradient":""},"mobile":{"background-color":"var(--ast-global-color-5)","background-image":"","background-repeat":"repeat","background-position":"center center","background-size":"auto","background-attachment":"scroll","background-type":"","background-media":"","overlay-type":"","overlay-color":"","overlay-opacity":"","overlay-gradient":""}}},"product_brand":[],"product_cat":[20,34,36,31],"product_tag":[],"class_list":{"0":"post-1225","1":"product","2":"type-product","3":"status-publish","4":"has-post-thumbnail","6":"product_cat-digital-numerique","7":"product_cat-music-musique","8":"product_cat-peanut-butter-sunday","9":"product_cat-releases","10":"desktop-align-left","11":"tablet-align-left","12":"mobile-align-left","14":"first","15":"instock","16":"downloadable","17":"virtual","18":"taxable","19":"purchasable","20":"product-type-simple"},"acf":[],"_links":{"self":[{"href":"https:\/\/acadianembassy.com\/music\/wp-json\/wp\/v2\/product\/1225","targetHints":{"allow":["GET"]}}],"collection":[{"href":"https:\/\/acadianembassy.com\/music\/wp-json\/wp\/v2\/product"}],"about":[{"href":"https:\/\/acadianembassy.com\/music\/wp-json\/wp\/v2\/types\/product"}],"wp:featuredmedia":[{"embeddable":true,"href":"https:\/\/acadianembassy.com\/music\/wp-json\/wp\/v2\/media\/1226"}],"wp:attachment":[{"href":"https:\/\/acadianembassy.com\/music\/wp-json\/wp\/v2\/media?parent=1225"}],"wp:term":[{"taxonomy":"product_brand","embeddable":true,"href":"https:\/\/acadianembassy.com\/music\/wp-json\/wp\/v2\/product_brand?post=1225"},{"taxonomy":"product_cat","embeddable":true,"href":"https:\/\/acadianembassy.com\/music\/wp-json\/wp\/v2\/product_cat?post=1225"},{"taxonomy":"product_tag","embeddable":true,"href":"https:\/\/acadianembassy.com\/music\/wp-json\/wp\/v2\/product_tag?post=1225"}],"curies":[{"name":"wp","href":"https:\/\/api.w.org\/{rel}","templated":true}]}}