{"id":1219,"date":"2024-01-23T07:57:07","date_gmt":"2024-01-23T12:57:07","guid":{"rendered":"https:\/\/acadianembassy.com\/music\/?post_type=product&#038;p=1219"},"modified":"2024-11-04T17:06:18","modified_gmt":"2024-11-04T22:06:18","slug":"peanut-butter-sunday-fort-mcmurray","status":"publish","type":"product","link":"https:\/\/acadianembassy.com\/music\/product\/peanut-butter-sunday-fort-mcmurray\/","title":{"rendered":"Fort McMurray (Single)"},"content":{"rendered":"<p>Download in MP3 format.<br \/>\nT\u00e9l\u00e9chargement au format MP3.<\/p>\n<p>\u00c7a co\u00fbte cher \u00e0 \u00eatre moi<br \/>\n22 pi\u00e8ces et un deux trois<br \/>\nCredit card, j\u2019suis le roi<br \/>\nCaviar dessous mes doigts<\/p>\n<p>3 autres shots, quoisse-tu crois<br \/>\nH\u2019allons y aller moi pi toi<br \/>\nNew handbag, cent-vingt de trois<br \/>\nMilles pi\u00e8ces, Louis Vuitton<\/p>\n<p>J\u2019suis gone \u00e0 Fort McMurray<br \/>\nFaire un mille pi\u00e8ces par heure, faire un mille pi\u00e8ces par heure<br \/>\nJ\u2019suis gone \u00e0 Fort McMurray<br \/>\nFaire un mille pi\u00e8ces par heure, faire un mille pi\u00e8ces par heure<\/p>\n<p>Trois livres de plasma gone<br \/>\nRien que pour m\u2019acheter une draught<br \/>\nThings will get better avec 35 pi\u00e8ces de cold hard cash<\/p>\n<p>Ej pourrais vendre mon phone, ej pourrais vendre mon kidney<br \/>\nEj pourrais acheter une fleur en Canadian Tire Money<\/p>\n<p>J\u2019suis gone \u00e0 Fort McMurray<br \/>\nFaire un mille pi\u00e8ces par heure, faire un mille pi\u00e8ces par heure<br \/>\nJ\u2019suis gone \u00e0 Fort McMurray<br \/>\nFaire un mille pi\u00e8ces par heure, faire un mille pi\u00e8ces par heure<\/p>\n<p>J\u2019suis gone \u00e0 Fort McMurray<br \/>\n(\u00e0 Fort McMurray)<br \/>\nFaire un mille pi\u00e8ces par heure, faire un mille pi\u00e8ces par heure<br \/>\n(Du real cash)<br \/>\nJ\u2019suis gone \u00e0 Fort McMurray<br \/>\n(\u00e0 Fort McMurray)<br \/>\nFaire un mille pi\u00e8ces par heure, faire un mille pi\u00e8ces par heure<br \/>\n(Du real cash)<br \/>\ncredits<\/p>\n<p>Auteurs: Normand Pothier<br \/>\nCompositeurs: Michael Saulnier, Normand Pothier<br \/>\nR\u00e9alisateurs: Peanut Butter Sunday et Jean-Pascal Comeau<br \/>\nIng\u00e9nieur: Jean-Pascal Comeau<br \/>\nStudio d\u2019enregistrement: Studio La Classe &#8211; Memramcook, NB<br \/>\nIng\u00e9nieurs de mixe: Jean-Pascal Comeau<br \/>\nGravure: Jean-Pascal Comeau<br \/>\nLabel: Acadian Embassy<\/p>\n","protected":false},"excerpt":{"rendered":"<p>Download in MP3 format. T\u00e9l\u00e9chargement au format MP3. \u00c7a co\u00fbte cher \u00e0 \u00eatre moi 22 pi\u00e8ces et un deux trois [&hellip;]<\/p>\n","protected":false},"featured_media":1220,"template":"","meta":{"_acf_changed":false,"site-sidebar-layout":"default","site-content-layout":"","ast-site-content-layout":"default","site-content-style":"default","site-sidebar-style":"default","ast-global-header-display":"","ast-banner-title-visibility":"","ast-main-header-display":"","ast-hfb-above-header-display":"","ast-hfb-below-header-display":"","ast-hfb-mobile-header-display":"","site-post-title":"","ast-breadcrumbs-content":"","ast-featured-img":"","footer-sml-layout":"","ast-disable-related-posts":"","theme-transparent-header-meta":"default","adv-header-id-meta":"","stick-header-meta":"","header-above-stick-meta":"","header-main-stick-meta":"","header-below-stick-meta":"","astra-migrate-meta-layouts":"set","ast-page-background-enabled":"default","ast-page-background-meta":{"desktop":{"background-color":"var(--ast-global-color-4)","background-image":"","background-repeat":"repeat","background-position":"center center","background-size":"auto","background-attachment":"scroll","background-type":"","background-media":"","overlay-type":"","overlay-color":"","overlay-opacity":"","overlay-gradient":""},"tablet":{"background-color":"","background-image":"","background-repeat":"repeat","background-position":"center center","background-size":"auto","background-attachment":"scroll","background-type":"","background-media":"","overlay-type":"","overlay-color":"","overlay-opacity":"","overlay-gradient":""},"mobile":{"background-color":"","background-image":"","background-repeat":"repeat","background-position":"center center","background-size":"auto","background-attachment":"scroll","background-type":"","background-media":"","overlay-type":"","overlay-color":"","overlay-opacity":"","overlay-gradient":""}},"ast-content-background-meta":{"desktop":{"background-color":"var(--ast-global-color-5)","background-image":"","background-repeat":"repeat","background-position":"center center","background-size":"auto","background-attachment":"scroll","background-type":"","background-media":"","overlay-type":"","overlay-color":"","overlay-opacity":"","overlay-gradient":""},"tablet":{"background-color":"var(--ast-global-color-5)","background-image":"","background-repeat":"repeat","background-position":"center center","background-size":"auto","background-attachment":"scroll","background-type":"","background-media":"","overlay-type":"","overlay-color":"","overlay-opacity":"","overlay-gradient":""},"mobile":{"background-color":"var(--ast-global-color-5)","background-image":"","background-repeat":"repeat","background-position":"center center","background-size":"auto","background-attachment":"scroll","background-type":"","background-media":"","overlay-type":"","overlay-color":"","overlay-opacity":"","overlay-gradient":""}}},"product_brand":[],"product_cat":[20,34,36,31],"product_tag":[],"class_list":{"0":"post-1219","1":"product","2":"type-product","3":"status-publish","4":"has-post-thumbnail","6":"product_cat-digital-numerique","7":"product_cat-music-musique","8":"product_cat-peanut-butter-sunday","9":"product_cat-releases","10":"desktop-align-left","11":"tablet-align-left","12":"mobile-align-left","14":"first","15":"instock","16":"downloadable","17":"virtual","18":"taxable","19":"purchasable","20":"product-type-simple"},"acf":[],"_links":{"self":[{"href":"https:\/\/acadianembassy.com\/music\/wp-json\/wp\/v2\/product\/1219","targetHints":{"allow":["GET"]}}],"collection":[{"href":"https:\/\/acadianembassy.com\/music\/wp-json\/wp\/v2\/product"}],"about":[{"href":"https:\/\/acadianembassy.com\/music\/wp-json\/wp\/v2\/types\/product"}],"wp:featuredmedia":[{"embeddable":true,"href":"https:\/\/acadianembassy.com\/music\/wp-json\/wp\/v2\/media\/1220"}],"wp:attachment":[{"href":"https:\/\/acadianembassy.com\/music\/wp-json\/wp\/v2\/media?parent=1219"}],"wp:term":[{"taxonomy":"product_brand","embeddable":true,"href":"https:\/\/acadianembassy.com\/music\/wp-json\/wp\/v2\/product_brand?post=1219"},{"taxonomy":"product_cat","embeddable":true,"href":"https:\/\/acadianembassy.com\/music\/wp-json\/wp\/v2\/product_cat?post=1219"},{"taxonomy":"product_tag","embeddable":true,"href":"https:\/\/acadianembassy.com\/music\/wp-json\/wp\/v2\/product_tag?post=1219"}],"curies":[{"name":"wp","href":"https:\/\/api.w.org\/{rel}","templated":true}]}}