{"id":1217,"date":"2024-05-29T07:52:29","date_gmt":"2024-05-29T11:52:29","guid":{"rendered":"https:\/\/acadianembassy.com\/music\/?post_type=product&#038;p=1217"},"modified":"2024-11-04T20:15:05","modified_gmt":"2024-11-05T01:15:05","slug":"peanut-butter-sunday-complique-single","status":"publish","type":"product","link":"https:\/\/acadianembassy.com\/music\/product\/peanut-butter-sunday-complique-single\/","title":{"rendered":"Compliqu\u00e9 (Single)"},"content":{"rendered":"<p>Download in MP3 format.<br \/>\nT\u00e9l\u00e9chargement au format MP3.<\/p>\n<p>PAROLES:<br \/>\nMoi j\u2019veux<br \/>\nChanter dans la douche pi laver mes cheveux<br \/>\nMe s\u00e9cher avec un essus mains qu&#8217;est poin vieux<br \/>\nVisiter dequoi qui\u2019m fais contemps<br \/>\nHoly<br \/>\nQuoi sec sacette anyway<br \/>\nShu rinque bonne quand\u2019s que\u2019r watch du anime<br \/>\nH\u2019ai une feeling que sacette \u00e7a va \u00eatre une longue \u00e9t\u00e9<\/p>\n<p>H\u2019aimera d&#8217;avoir ein bateau me promener sur la mar<br \/>\nVoyager n\u2019importe o\u00f9 pour pu desoin\u2019d te voir<br \/>\nSi harra plus de dopamine j\u2019me b\u00e2tira une time machine<br \/>\nPour aller dan\u2019l passer<br \/>\nAvant que toute s\u2019a compliqu\u00e9<\/p>\n<p>H\u2019aimera d&#8217;avoir ein bateau me promener sur la mar<br \/>\nVoyager n\u2019importe o\u00f9 pour pu besoin\u2019d te voir<br \/>\nSi harra plus de dopamine j\u2019me b\u00e2tira une time machine<br \/>\nPour aller dans\u2019l passer<br \/>\nAvant que toute s\u2019a compliqu\u00e9<br \/>\ncredits<br \/>\nreleased May 29, 2024<\/p>\n<p>CR\u00c9DITS:<br \/>\nAuteur: Michael Saulnier<br \/>\nCompositeurs: Michael Saulnier, Normand Pothier<br \/>\nR\u00e9alisateurs: Peanut Butter Sunday et Jean-Pascal Comeau<br \/>\nIng\u00e9nieur: Jean-Pascal Comeau<br \/>\nStudio d\u2019enregistrement: Studio La Classe &#8211; Memramcook, NB<br \/>\nIng\u00e9nieur de mixe: Jean-Pascal Comeau<br \/>\nGravure: Jean-Pascal Comeau<\/p>\n<p>MUSICIENS:<br \/>\nMichael Saulnier &#8211; Voix principale et guitare<br \/>\nNormand Pothier &#8211; Voix et guitare<br \/>\nJacques Blinn &#8211; Basse<br \/>\nAndre LeBlanc &#8211; Batteries<\/p>\n","protected":false},"excerpt":{"rendered":"<p>Download in MP3 format. T\u00e9l\u00e9chargement au format MP3. PAROLES: Moi j\u2019veux Chanter dans la douche pi laver mes cheveux Me [&hellip;]<\/p>\n","protected":false},"featured_media":1218,"template":"","meta":{"_acf_changed":false,"site-sidebar-layout":"default","site-content-layout":"","ast-site-content-layout":"default","site-content-style":"default","site-sidebar-style":"default","ast-global-header-display":"","ast-banner-title-visibility":"","ast-main-header-display":"","ast-hfb-above-header-display":"","ast-hfb-below-header-display":"","ast-hfb-mobile-header-display":"","site-post-title":"","ast-breadcrumbs-content":"","ast-featured-img":"","footer-sml-layout":"","ast-disable-related-posts":"","theme-transparent-header-meta":"default","adv-header-id-meta":"","stick-header-meta":"","header-above-stick-meta":"","header-main-stick-meta":"","header-below-stick-meta":"","astra-migrate-meta-layouts":"set","ast-page-background-enabled":"default","ast-page-background-meta":{"desktop":{"background-color":"var(--ast-global-color-4)","background-image":"","background-repeat":"repeat","background-position":"center center","background-size":"auto","background-attachment":"scroll","background-type":"","background-media":"","overlay-type":"","overlay-color":"","overlay-opacity":"","overlay-gradient":""},"tablet":{"background-color":"","background-image":"","background-repeat":"repeat","background-position":"center center","background-size":"auto","background-attachment":"scroll","background-type":"","background-media":"","overlay-type":"","overlay-color":"","overlay-opacity":"","overlay-gradient":""},"mobile":{"background-color":"","background-image":"","background-repeat":"repeat","background-position":"center center","background-size":"auto","background-attachment":"scroll","background-type":"","background-media":"","overlay-type":"","overlay-color":"","overlay-opacity":"","overlay-gradient":""}},"ast-content-background-meta":{"desktop":{"background-color":"var(--ast-global-color-5)","background-image":"","background-repeat":"repeat","background-position":"center center","background-size":"auto","background-attachment":"scroll","background-type":"","background-media":"","overlay-type":"","overlay-color":"","overlay-opacity":"","overlay-gradient":""},"tablet":{"background-color":"var(--ast-global-color-5)","background-image":"","background-repeat":"repeat","background-position":"center center","background-size":"auto","background-attachment":"scroll","background-type":"","background-media":"","overlay-type":"","overlay-color":"","overlay-opacity":"","overlay-gradient":""},"mobile":{"background-color":"var(--ast-global-color-5)","background-image":"","background-repeat":"repeat","background-position":"center center","background-size":"auto","background-attachment":"scroll","background-type":"","background-media":"","overlay-type":"","overlay-color":"","overlay-opacity":"","overlay-gradient":""}}},"product_brand":[],"product_cat":[20,34,36,31],"product_tag":[],"class_list":{"0":"post-1217","1":"product","2":"type-product","3":"status-publish","4":"has-post-thumbnail","6":"product_cat-digital-numerique","7":"product_cat-music-musique","8":"product_cat-peanut-butter-sunday","9":"product_cat-releases","10":"desktop-align-left","11":"tablet-align-left","12":"mobile-align-left","14":"first","15":"instock","16":"downloadable","17":"virtual","18":"taxable","19":"purchasable","20":"product-type-simple"},"acf":[],"_links":{"self":[{"href":"https:\/\/acadianembassy.com\/music\/wp-json\/wp\/v2\/product\/1217","targetHints":{"allow":["GET"]}}],"collection":[{"href":"https:\/\/acadianembassy.com\/music\/wp-json\/wp\/v2\/product"}],"about":[{"href":"https:\/\/acadianembassy.com\/music\/wp-json\/wp\/v2\/types\/product"}],"wp:featuredmedia":[{"embeddable":true,"href":"https:\/\/acadianembassy.com\/music\/wp-json\/wp\/v2\/media\/1218"}],"wp:attachment":[{"href":"https:\/\/acadianembassy.com\/music\/wp-json\/wp\/v2\/media?parent=1217"}],"wp:term":[{"taxonomy":"product_brand","embeddable":true,"href":"https:\/\/acadianembassy.com\/music\/wp-json\/wp\/v2\/product_brand?post=1217"},{"taxonomy":"product_cat","embeddable":true,"href":"https:\/\/acadianembassy.com\/music\/wp-json\/wp\/v2\/product_cat?post=1217"},{"taxonomy":"product_tag","embeddable":true,"href":"https:\/\/acadianembassy.com\/music\/wp-json\/wp\/v2\/product_tag?post=1217"}],"curies":[{"name":"wp","href":"https:\/\/api.w.org\/{rel}","templated":true}]}}